{"id":8,"date":"2015-02-04T16:25:04","date_gmt":"2015-02-04T15:25:04","guid":{"rendered":"https:\/\/www.hoponhopoffbarcelona.org\/?page_id=8"},"modified":"2026-01-22T17:55:59","modified_gmt":"2026-01-22T16:55:59","slug":"beneficios","status":"publish","type":"page","link":"https:\/\/www.hoponhopoffbarcelona.org\/pt\/beneficios\/","title":{"rendered":"Benef\u00edcios"},"content":{"rendered":"\n<p>Se voc\u00ea apenas quiser uma maneira confort\u00e1vel para chegar a alguns dos marcos mais famosos de Barcelona ou se voc\u00ea quiser ver tudo o que a cidade tem para oferecer, o \u00d4nibus Hop On Hop Off de Barcelona \u00e9 a maneira mais f\u00e1cil e segura de se deslocar.<\/p>\n\n\n\n<h3 class=\"wp-block-heading\">A forma inteligente de ver Barcelona<\/h3>\n\n\n\n<p>Outras empresas de turismo exigem que voc\u00ea mantenha um hor\u00e1rio apertado. Voc\u00ea tem que entrar no \u00f4nibus quando eles querem que voc\u00ea entre e voc\u00ea tem que ir onde eles querem que voc\u00ea v\u00e1, quando eles querem que voc\u00ea v\u00e1. E se voc\u00ea quiser passar mais tempo na Sagrada Familia do que o seu passeio permite? Isto \u00e9 exatamente o que o \u00d4nibus Hop On Hop Off pode lhe oferecer.<\/p>\n\n\n<div class=\"gb-container gb-container-40b0d6fd ms-alert--primary ms-p-sm ms-mb-block\">\n\n<p class=\"gb-headline gb-headline-59b0cb5a gb-headline-text alert alert-info\">Voc\u00ea escolhe quais pontos tur\u00edsticos quer ver, quando quer v\u00ea-los e quanto tempo quer ficar.<\/p>\n\n<\/div>\n\n\n<p>A pol\u00edtica hop-on, hop-off permite que voc\u00ea pague um pre\u00e7o para um dia inteiro ou dois dias de passeios, seja voc\u00ea fa\u00e7a as duas rotas ou apenas as primeiras duas paradas de uma rota.<\/p>\n\n\n\n<p>O passeio de \u00f4nibus tur\u00edstico d\u00e1 a voc\u00ea o controle completo sobre o seu tempo, para que experiencie Barcelona da maneira que quiser.<\/p>\n\n\n\n<p>Nossos \u00f4nibus de dois andares com teto aberto s\u00e3o f\u00e1ceis de identificar e funcionam das 9h00 \u00e0s 18h00. Dependendo da temporada, um novo \u00f4nibus chega a cada 10 e 25 minutos.<\/p>\n\n\n\n<p>Cada percurso leva cerca de duas horas. A grande vantagem do Bus Tur\u00edstic, no entanto, \u00e9 que voc\u00ea pode gastar tanto tempo em cada parada quanto quiser, sem ter que pagar uma nova tarifa quando pegar o pr\u00f3ximo \u00f4nibus. Realmente n\u00e3o fica mais f\u00e1cil do que isso.<\/p>\n\n\n\n<p>E para uma experi\u00eancia verdadeiramente \u00fanica, os guias tur\u00edsticos oficiais a bordo oferecem atendimento personalizado. Este \u00e9 o \u00fanico \u00f4nibus tur\u00edstico em Barcelona com este servi\u00e7o, tornando a explora\u00e7\u00e3o de Barcelona ainda mais agrad\u00e1vel e informativa.<\/p>\n\n\n\n<h3 class=\"wp-block-heading\">Descontos e outras regalias<\/h3>\n\n\n\n<p>Ao embarcar, receber\u00e1 tamb\u00e9m um mapa da cidade e um guia em v\u00e1rios idiomas, al\u00e9m de um livrete com vouchers de desconto para as atra\u00e7\u00f5es mais populares de Barcelona. Para usar a maioria dos descontos, basta mostrar o seu bilhete do Barcelona Bus Tur\u00edstic na bilheteira da atra\u00e7\u00e3o. Entre elas est\u00e3o:<\/p>\n\n\n\n<ul class=\"wp-block-list\">\n<li>A atra\u00e7\u00e3o favorita das crian\u00e7as: <strong>o Aqu\u00e1rio de Barcelona<\/strong><\/li>\n\n\n\n<li>O centro comercial outlet de Barcelona: <strong>La Roca Village<\/strong><\/li>\n\n\n\n<li>Os museus de Barcelona: <strong>Museu Moco, Teatro-Museu Dal\u00ed, Poble Espanyol<\/strong><\/li>\n\n\n\n<li>Monumento a Colombo em Barcelona: <strong>Mirador de Colom<\/strong><\/li>\n\n\n\n<li>Passeios e excurs\u00f5es em Barcelona: <strong>Passeios a p\u00e9 por Barcelona, Costa Brava (Tossa de Mar, Easy Montserrat, Premium Montserrat)<\/strong><\/li>\n\n\n\n<li>Funicular: <strong>Telef\u00e9rico de Montju\u00efc<\/strong><\/li>\n<\/ul>\n\n\n\n<p>O \u00f4nibus hop-on hop-off tamb\u00e9m oferece um <strong>audioguia gratuito<\/strong> em dezesseis idiomas, com um conjunto individual de fones de ouvido, bem como acomoda\u00e7\u00f5es para pessoas com mobilidade reduzida ou defici\u00eancia auditiva.<\/p>\n\n\n\n<p>Os \u00f4nibus s\u00e3o equipados com WiFi gratuito, assim voc\u00ea pode atualizar suas redes sociais ou verificar e-mails entre as paradas.<\/p>\n","protected":false},"excerpt":{"rendered":"","protected":false},"author":1,"featured_media":0,"parent":0,"menu_order":3,"comment_status":"closed","ping_status":"closed","template":"","meta":{"_acf_changed":false,"footnotes":"","button_url":"https:\/\/www.tiqets.com\/pt\/barcelona-attractions-c66342\/tickets-for-hop-on-hop-off-bus-barcelona-p974325\/?partner=hoponhopoffbusbarcelona","ms_product_id":"","ms_product_name":"","ms_price":"","ms_currency":"","ms_rating_value":"","ms_review_count":"","rank_math_title":"Benef\u00edcios \u00f4nibus de Barcelona \u201cHop On Hop Off\u201d - Vale a pena?","rank_math_description":"Descubra todos os benef\u00edcios do \u00f4nibus de Barcelona \u201cHop On Hop Off\u201d, \u200b\u200bincluindo o seu sistema flex\u00edvel de bilhete e descontos nas atra\u00e7\u00f5es mais famosas."},"post-style":[],"producer":[],"class_list":["post-8","page","type-page","status-publish","has-post-thumbnail"],"acf":[],"product_schema":{"ms_product_id":"","ms_product_name":"","ms_price":"","ms_currency":"","ms_rating_value":"","ms_review_count":""},"_links":{"self":[{"href":"https:\/\/www.hoponhopoffbarcelona.org\/pt\/wp-json\/wp\/v2\/pages\/8","targetHints":{"allow":["GET"]}}],"collection":[{"href":"https:\/\/www.hoponhopoffbarcelona.org\/pt\/wp-json\/wp\/v2\/pages"}],"about":[{"href":"https:\/\/www.hoponhopoffbarcelona.org\/pt\/wp-json\/wp\/v2\/types\/page"}],"author":[{"embeddable":true,"href":"https:\/\/www.hoponhopoffbarcelona.org\/pt\/wp-json\/wp\/v2\/users\/1"}],"replies":[{"embeddable":true,"href":"https:\/\/www.hoponhopoffbarcelona.org\/pt\/wp-json\/wp\/v2\/comments?post=8"}],"version-history":[{"count":3,"href":"https:\/\/www.hoponhopoffbarcelona.org\/pt\/wp-json\/wp\/v2\/pages\/8\/revisions"}],"predecessor-version":[{"id":855,"href":"https:\/\/www.hoponhopoffbarcelona.org\/pt\/wp-json\/wp\/v2\/pages\/8\/revisions\/855"}],"wp:attachment":[{"href":"https:\/\/www.hoponhopoffbarcelona.org\/pt\/wp-json\/wp\/v2\/media?parent=8"}],"wp:term":[{"taxonomy":"post-style","embeddable":true,"href":"https:\/\/www.hoponhopoffbarcelona.org\/pt\/wp-json\/wp\/v2\/post-style?post=8"},{"taxonomy":"producer","embeddable":true,"href":"https:\/\/www.hoponhopoffbarcelona.org\/pt\/wp-json\/wp\/v2\/producer?post=8"}],"curies":[{"name":"wp","href":"https:\/\/api.w.org\/{rel}","templated":true}]}}