{"id":6,"date":"2015-01-23T15:47:55","date_gmt":"2015-01-23T14:47:55","guid":{"rendered":"https:\/\/www.hoponhopoffbarcelona.org\/?page_id=6"},"modified":"2026-01-22T17:54:31","modified_gmt":"2026-01-22T16:54:31","slug":"home","status":"publish","type":"page","link":"https:\/\/www.hoponhopoffbarcelona.org\/pt\/","title":{"rendered":"Hop On Hop Off Barcelona"},"content":{"rendered":"\n<figure class=\"gb-block-image gb-block-image-d74688e3\"><img decoding=\"async\" width=\"1200\" height=\"560\" class=\"gb-image gb-image-d74688e3\" src=\"https:\/\/www.hoponhopoffbarcelona.org\/pt\/wp-content\/uploads\/sites\/5\/home-banner-1725505447.jpg\" alt=\"Hop On Hop Off Barcelona\"\/><\/figure>\n\n\n\n<h1 class=\"gb-headline gb-headline-50499ac1 gb-headline-text\">Hop On Hop Off Barcelona<br><strong><mark style=\"background-color:rgba(0, 0, 0, 0)\" class=\"has-inline-color has-ms-color-neutral-color\">O \u00d4nibus de Turismo Oficial de Barcelona<\/mark><\/strong><\/h1>\n\n\n\n<p class=\"gb-headline gb-headline-344a99ab gb-headline-text ms-text-muted\">Descubra Barcelona no seu pr\u00f3prio ritmo e em seu pr\u00f3prio tempo com o \u00d4nibus Hop On Hop Off. As duas rotas levam voc\u00ea a todos os principais pontos tur\u00edsticos e atra\u00e7\u00f5es da cidade. Entre e saia quantas vezes quiser com um \u00fanico bilhete. Explorar Barcelona nunca foi t\u00e3o f\u00e1cil!<\/p>\n\n\n<div class=\"gb-container gb-container-1e1905d6 gb-tabs\" role=\"tablist\" data-opened-tab=\"1\">\n<div class=\"gb-container gb-container-c0d25ee5 gb-tabs__buttons\" role=\"list\">\n\n<button class=\"gb-button gb-button-38b6d7d4 gb-button-text gb-tabs__button gb-block-is-current\" id=\"gb-tab-button-38b6d7d4\" role=\"tab\">Benef\u00edcios<\/button>\n\n\n\n<button class=\"gb-button gb-button-c40a7253 gb-button-text gb-tabs__button\" id=\"gb-tab-button-c40a7253\" role=\"tab\">O que \u00e9 isso<\/button>\n\n\n\n<button class=\"gb-button gb-button-74fda591 gb-button-text gb-tabs__button\" id=\"gb-tab-button-74fda591\" role=\"tab\">Onde comprar<\/button>\n\n\n\n<button class=\"gb-button gb-button-06aa90f0 gb-button-text gb-tabs__button\" id=\"gb-tab-button-06aa90f0\" role=\"tab\">Como usar<\/button>\n\n<\/div>\n\n<div class=\"gb-container gb-container-8fcce89b gb-tabs__items\">\n<div class=\"gb-container gb-container-2e268732 gb-tabs__item gb-tabs__item-open\" id=\"gb-tab-item-2e268732\" role=\"tabpanel\">\n<div class=\"gb-grid-wrapper gb-grid-wrapper-5a2755a2\">\n<div class=\"gb-grid-column gb-grid-column-7b30ecf3\"><div class=\"gb-container gb-container-7b30ecf3\">\n\n<h5 class=\"gb-headline gb-headline-aab30985\"><span class=\"gb-icon\"><svg viewBox=\"0 0 256 256\" fill=\"#000000\" height=\"32\" width=\"32\" xmlns=\"http:\/\/www.w3.org\/2000\/svg\"><path d=\"M232.49,80.49l-128,128a12,12,0,0,1-17,0l-56-56a12,12,0,1,1,17-17L96,183,215.51,63.51a12,12,0,0,1,17,17Z\"><\/path><\/svg><\/span><span class=\"gb-headline-text\"><strong>&nbsp;Descubra Barcelona<\/strong><\/span><\/h5>\n\n\n\n<p>Duas rotas cuidadosamente planejadas levam voc\u00ea a todos os principais pontos tur\u00edsticos de Barcelona.<\/p>\n\n<\/div><\/div>\n\n<div class=\"gb-grid-column gb-grid-column-f4bfa1ee\"><div class=\"gb-container gb-container-f4bfa1ee\">\n\n<h5 class=\"gb-headline gb-headline-830496a8\"><span class=\"gb-icon\"><svg viewBox=\"0 0 256 256\" fill=\"#000000\" height=\"32\" width=\"32\" xmlns=\"http:\/\/www.w3.org\/2000\/svg\"><path d=\"M232.49,80.49l-128,128a12,12,0,0,1-17,0l-56-56a12,12,0,1,1,17-17L96,183,215.51,63.51a12,12,0,0,1,17,17Z\"><\/path><\/svg><\/span><span class=\"gb-headline-text\"><strong>&nbsp;No seu pr\u00f3prio ritmo<\/strong><\/span><\/h5>\n\n\n\n<p>Entre e saia do \u00f4nibus quantas vezes quiser com um \u00fanico bilhete.<\/p>\n\n<\/div><\/div>\n\n<div class=\"gb-grid-column gb-grid-column-e1290d15\"><div class=\"gb-container gb-container-e1290d15\">\n\n<h5 class=\"gb-headline gb-headline-84031441\"><span class=\"gb-icon\"><svg viewBox=\"0 0 256 256\" fill=\"#000000\" height=\"32\" width=\"32\" xmlns=\"http:\/\/www.w3.org\/2000\/svg\"><path d=\"M232.49,80.49l-128,128a12,12,0,0,1-17,0l-56-56a12,12,0,1,1,17-17L96,183,215.51,63.51a12,12,0,0,1,17,17Z\"><\/path><\/svg><\/span><span class=\"gb-headline-text\"><strong>Economize tempo e dinheiro<\/strong><\/span><\/h5>\n\n\n\n<p>O \u00f4nibus tur\u00edstico \u00e9 mais barato que t\u00e1xis e mais r\u00e1pido que o transporte p\u00fablico.<\/p>\n\n<\/div><\/div>\n\n<div class=\"gb-grid-column gb-grid-column-73ba5511\"><div class=\"gb-container gb-container-73ba5511\">\n\n<h5 class=\"gb-headline gb-headline-463329e9\"><span class=\"gb-icon\"><svg viewBox=\"0 0 256 256\" fill=\"#000000\" height=\"32\" width=\"32\" xmlns=\"http:\/\/www.w3.org\/2000\/svg\"><path d=\"M232.49,80.49l-128,128a12,12,0,0,1-17,0l-56-56a12,12,0,1,1,17-17L96,183,215.51,63.51a12,12,0,0,1,17,17Z\"><\/path><\/svg><\/span><span class=\"gb-headline-text\"><strong>Audioguia gratuito<\/strong><\/span><\/h5>\n\n\n\n<p>Aprenda sobre Barcelona com o audioguia gratuito dispon\u00edvel em 16 idiomas.<\/p>\n\n<\/div><\/div>\n\n<div class=\"gb-grid-column gb-grid-column-d4a9a58a\"><div class=\"gb-container gb-container-d4a9a58a\">\n\n<h5 class=\"gb-headline gb-headline-e07a341b\"><span class=\"gb-icon\"><svg viewBox=\"0 0 256 256\" fill=\"#000000\" height=\"32\" width=\"32\" xmlns=\"http:\/\/www.w3.org\/2000\/svg\"><path d=\"M232.49,80.49l-128,128a12,12,0,0,1-17,0l-56-56a12,12,0,1,1,17-17L96,183,215.51,63.51a12,12,0,0,1,17,17Z\"><\/path><\/svg><\/span><span class=\"gb-headline-text\"><strong>&nbsp;Cupons gratuitos<\/strong><\/span><\/h5>\n\n\n\n<p>Aproveite descontos de 10 a 20% em todos os tipos de museus, atra\u00e7\u00f5es e muitas atividades na cidade.<\/p>\n\n<\/div><\/div>\n\n<div class=\"gb-grid-column gb-grid-column-959ad4ed\"><div class=\"gb-container gb-container-959ad4ed\">\n\n<h5 class=\"gb-headline gb-headline-d7119db5\"><span class=\"gb-icon\"><svg viewBox=\"0 0 256 256\" fill=\"#000000\" height=\"32\" width=\"32\" xmlns=\"http:\/\/www.w3.org\/2000\/svg\"><path d=\"M232.49,80.49l-128,128a12,12,0,0,1-17,0l-56-56a12,12,0,1,1,17-17L96,183,215.51,63.51a12,12,0,0,1,17,17Z\"><\/path><\/svg><\/span><span class=\"gb-headline-text\"><strong>Aplicativo gratuito<\/strong><\/span><\/h5>\n\n\n\n<p>Baixe o aplicativo exclusivo com rotas de \u00f4nibus, paradas e pontos tur\u00edsticos.<\/p>\n\n<\/div><\/div>\n<\/div>\n\n<div class=\"gb-container gb-container-0b267d59 ms-alert--primary ms-p-sm\">\n\n<p class=\"gb-headline gb-headline-73be157b gb-headline-text\">Compre seus bilhetes do \u00d4nibus Hop On Hop Off online para <strong>evitar as filas<\/strong> na bilheteria. Os vouchers s\u00e3o v\u00e1lidos por 90 dias.<\/p>\n\n<\/div>\n<\/div>\n\n<div class=\"gb-container gb-container-3bccd8b9 gb-tabs__item\" id=\"gb-tab-item-3bccd8b9\" role=\"tabpanel\">\n\n<p>O Hop-on Hop-off Barcelona \u00e9 o <strong>\u00f4nibus tur\u00edstico oficial<\/strong> da cidade, oferecendo <strong>duas rotas essenciais<\/strong> que cobrem toda a cidade. Com apenas <strong>um \u00fanico bilhete<\/strong>, voc\u00ea pode explorar o melhor de Barcelona.<\/p>\n\n\n\n<p>\u00c9 a maneira mais <strong>f\u00e1cil<\/strong> e <strong>segura<\/strong> de se locomover enquanto conhece todas as atra\u00e7\u00f5es incr\u00edveis.<\/p>\n\n\n\n<p>Tem apenas um dia em Barcelona? Entre no \u00f4nibus para um tour inesquec\u00edvel. Voc\u00ea ver\u00e1 destaques como a Sagrada Fam\u00edlia, Park G\u00fcell, La Pedrera, <a href=\"https:\/\/www.visitcampnou.com\/pt\/\" rel=\"noopener\">Camp Nou<\/a>, La Rambla e Montju\u00efc.<\/p>\n\n\n\n<p>Vai ficar mais tempo? Adquira um bilhete de 2 dias e explore no seu pr\u00f3prio ritmo. Entre e saia quantas vezes quiser e use os <strong>vouchers gratuitos<\/strong> para obter descontos nas principais atra\u00e7\u00f5es de Barcelona.<\/p>\n\n\n\n<p>Barcelona tem centenas de pontos tur\u00edsticos incr\u00edveis para ver, e o \u00f4nibus tur\u00edstico permite que voc\u00ea aproveite todos eles do conforto de um elegante \u00f4nibus de dois andares com vistas panor\u00e2micas.<\/p>\n\n<\/div>\n\n<div class=\"gb-container gb-container-e88e38bd gb-tabs__item\" id=\"gb-tab-item-e88e38bd\" role=\"tabpanel\">\n\n<p>Os bilhetes para o \u00f4nibus Hop On Hop Off est\u00e3o dispon\u00edveis online <a href=\"https:\/\/www.tiqets.com\/pt\/barcelona-attractions-c66342\/tickets-for-hop-on-hop-off-bus-barcelona-p974325\/?partner=hoponhopoffbusbarcelona\" rel=\"nofollow noopener\">neste site<\/a>, nos postos de turismo em Barcelona ou at\u00e9 mesmo a bordo dos \u00f4nibus, sujeito \u00e0 disponibilidade de lugares.<\/p>\n\n\n<div class=\"gb-container gb-container-77df3489 ms-alert--primary ms-p-sm ms-mb-block\">\n\n<p class=\"gb-headline gb-headline-c66b270f gb-headline-text\">Se voc\u00ea comprar seus bilhetes online, voc\u00ea <strong>evitar\u00e1 as filas<\/strong> em Barcelona.<\/p>\n\n<\/div>\n\n\n<p>Para comprar seus bilhetes, basta usar o m\u00f3dulo de reserva \u00e0 direita. Ap\u00f3s concluir sua compra, voc\u00ea receber\u00e1 seus vouchers por e-mail.<\/p>\n\n\n\n<p>A partir de apenas \u20ac 33 por dia para adultos, o bilhete de 2 dias oferece o melhor custo-benef\u00edcio por apenas \u20ac 44.<\/p>\n\n\n\n<p>Ao chegar em Barcelona, voc\u00ea pode trocar seus vouchers por bilhetes diretamente no \u00f4nibus, nos postos de turismo da cidade ou no aeroporto.<\/p>\n\n\n\n<p>As reservas s\u00e3o v\u00e1lidas por 180 dias a partir da data da compra. Compre os seus bilhetes agora para evitar filas quando chegar a Barcelona.<\/p>\n\n<\/div>\n\n<div class=\"gb-container gb-container-1048bf5d gb-tabs__item\" id=\"gb-tab-item-1048bf5d\" role=\"tabpanel\">\n\n<p>Depois de comprar seu bilhete de um ou dois dias usando o m\u00f3dulo de reserva seguro \u00e0 direita, voc\u00ea receber\u00e1 um voucher por e-mail. Imprima esse voucher e leve-o com voc\u00ea para Barcelona.<\/p>\n\n\n\n<p>Quando entrar no autocarro pela primeira vez, mostre o seu bilhete no smartphone ao representante da Barcelona Turisme. Ele ir\u00e1 digitaliz\u00e1-lo e dar-lhe um bilhete em papel para usar em todas as suas viagens durante o per\u00edodo de validade do passe.<\/p>\n\n\n<div class=\"gb-container gb-container-9e7bac80 ms-alert--primary ms-p-sm ms-mb-block\">\n\n<p class=\"gb-headline gb-headline-1b3ae400 gb-headline-text\">Seu bilhete permite que voc\u00ea entre e saia do \u00f4nibus quantas vezes quiser enquanto estiver v\u00e1lido.<\/p>\n\n<\/div>\n\n\n<p>Viu algo interessante que quer conhecer melhor? Des\u00e7a do \u00f4nibus e explore. Quando estiver pronto, pegue o pr\u00f3ximo \u00f4nibus ou mude para uma rota diferente.<\/p>\n\n\n\n<p>As duas rotas essenciais cobrem todos os principais pontos, ent\u00e3o voc\u00ea n\u00e3o precisar\u00e1 se preocupar com custos extras de transporte ou ficar limitado \u00e0s atra\u00e7\u00f5es pr\u00f3ximas ao seu hotel.<\/p>\n\n<\/div>\n<\/div>\n<\/div>","protected":false},"excerpt":{"rendered":"","protected":false},"author":1,"featured_media":0,"parent":0,"menu_order":2,"comment_status":"closed","ping_status":"closed","template":"","meta":{"_acf_changed":false,"footnotes":""},"post-style":[],"producer":[],"class_list":["post-6","page","type-page","status-publish"],"acf":[],"_links":{"self":[{"href":"https:\/\/www.hoponhopoffbarcelona.org\/pt\/wp-json\/wp\/v2\/pages\/6","targetHints":{"allow":["GET"]}}],"collection":[{"href":"https:\/\/www.hoponhopoffbarcelona.org\/pt\/wp-json\/wp\/v2\/pages"}],"about":[{"href":"https:\/\/www.hoponhopoffbarcelona.org\/pt\/wp-json\/wp\/v2\/types\/page"}],"author":[{"embeddable":true,"href":"https:\/\/www.hoponhopoffbarcelona.org\/pt\/wp-json\/wp\/v2\/users\/1"}],"replies":[{"embeddable":true,"href":"https:\/\/www.hoponhopoffbarcelona.org\/pt\/wp-json\/wp\/v2\/comments?post=6"}],"version-history":[{"count":3,"href":"https:\/\/www.hoponhopoffbarcelona.org\/pt\/wp-json\/wp\/v2\/pages\/6\/revisions"}],"predecessor-version":[{"id":854,"href":"https:\/\/www.hoponhopoffbarcelona.org\/pt\/wp-json\/wp\/v2\/pages\/6\/revisions\/854"}],"wp:attachment":[{"href":"https:\/\/www.hoponhopoffbarcelona.org\/pt\/wp-json\/wp\/v2\/media?parent=6"}],"wp:term":[{"taxonomy":"post-style","embeddable":true,"href":"https:\/\/www.hoponhopoffbarcelona.org\/pt\/wp-json\/wp\/v2\/post-style?post=6"},{"taxonomy":"producer","embeddable":true,"href":"https:\/\/www.hoponhopoffbarcelona.org\/pt\/wp-json\/wp\/v2\/producer?post=6"}],"curies":[{"name":"wp","href":"https:\/\/api.w.org\/{rel}","templated":true}]}}