{"id":12,"date":"2015-02-04T16:47:37","date_gmt":"2015-02-04T15:47:37","guid":{"rendered":"https:\/\/www.hoponhopoffbarcelona.org\/?page_id=12"},"modified":"2026-01-22T20:27:53","modified_gmt":"2026-01-22T19:27:53","slug":"perguntas-frequentes","status":"publish","type":"page","link":"https:\/\/www.hoponhopoffbarcelona.org\/pt\/perguntas-frequentes\/","title":{"rendered":"Perguntas Frequentes"},"content":{"rendered":"<div id=\"rank-math-faq\" class=\"rank-math-block\">\n<div class=\"rank-math-list \">\n<div id=\"faq-question-1717062476605\" class=\"rank-math-list-item\">\n<h3 class=\"rank-math-question \"><strong>O que \u00e9 o \u00d4nibus Hop On Hop Off?<\/strong><\/h3>\n<div class=\"rank-math-answer \">\n\n<p>O \u00d4nibus Hop On Hop Off \u00e9 um \u00f4nibus tur\u00edstico que permite que voc\u00ea entre e saia do \u00f4nibus quantas vezes quiser com um \u00fanico bilhete.<\/p>\n\n<\/div>\n<\/div>\n<div id=\"faq-question-1717062505033\" class=\"rank-math-list-item\">\n<h3 class=\"rank-math-question \"><strong>Por que eu deveria usar o \u00d4nibus Hop On Hop Off?<\/strong><\/h3>\n<div class=\"rank-math-answer \">\n\n<p>Flexibilidade \u00e9 a palavra-chave quando se trata do \u00f4nibus tur\u00edstico. Voc\u00ea pode fazer uma rota inteira no mesmo \u00f4nibus, sem descer em nenhum momento, ou pode descer em cada parada e passar horas explorando Barcelona a p\u00e9 antes de voltar para visitar outra parada.<\/p>\n<p>Quando se trata de fazer turismo no seu pr\u00f3prio ritmo, n\u00e3o h\u00e1 melhor maneira de se locomover pela cidade do que com um servi\u00e7o como este. Voc\u00ea decide quais pontos tur\u00edsticos quer ver, em quais paradas quer descer, e at\u00e9 mesmo onde come\u00e7ar e terminar seu passeio. Voc\u00ea pode ver tudo em nossas rotas ou pode ver apenas o melhor do que Barcelona tem para oferecer.<\/p>\n\n<\/div>\n<\/div>\n<div id=\"faq-question-1717062519392\" class=\"rank-math-list-item\">\n<h3 class=\"rank-math-question \"><strong>Que outras vantagens eu recebo com meu bilhete?<\/strong><\/h3>\n<div class=\"rank-math-answer \">\n\n<p>O \u00f4nibus tur\u00edstico oferece diversos benef\u00edcios, incluindo audioguias em dezesseis idiomas, descontos de 10 a 20% nos passeios e atra\u00e7\u00f5es mais populares de Barcelona, Wi-Fi gratuito no autocarro e um aplicativo gratuito para o seu smartphone.<\/p>\n\n<\/div>\n<\/div>\n<div id=\"faq-question-1725509200966\" class=\"rank-math-list-item\">\n<h3 class=\"rank-math-question \"><strong>Para onde v\u00e3o os passeios do \u00d4nibus Hop On Hop Off?<\/strong><\/h3>\n<div class=\"rank-math-answer \">\n\n<p>As duas rotas circulares cobrem Barcelona de leste a oeste e de norte a sul. Com 38 pontos de parada e 3 pontos de conex\u00e3o para mudar de rota, voc\u00ea conseguir\u00e1 chegar facilmente a todos os pontos tur\u00edsticos e atra\u00e7\u00f5es famosas de Barcelona.<\/p>\n\n<\/div>\n<\/div>\n<div id=\"faq-question-1725509208920\" class=\"rank-math-list-item\">\n<h3 class=\"rank-math-question \"><strong>Quanto tempo tenho que esperar pelo pr\u00f3ximo \u00f4nibus?<\/strong><\/h3>\n<div class=\"rank-math-answer \">\n\n<p>Dependendo da temporada, um novo \u00f4nibus passa entre 10 e 25 minutos.<\/p>\n\n<\/div>\n<\/div>\n<div id=\"faq-question-1725509214553\" class=\"rank-math-list-item\">\n<h3 class=\"rank-math-question \"><strong>Posso usar o \u00d4nibus Hop On Hop Off durante o fim de semana?<\/strong><\/h3>\n<div class=\"rank-math-answer \">\n\n<p>Sim, os \u00f4nibus funcionam todos os dias, das 9h \u00e0s 18h. Apenas nos dias 25\/12 e 1\/1 os \u00f4nibus n\u00e3o operam.<\/p>\n\n<\/div>\n<\/div>\n<div id=\"faq-question-1725509223527\" class=\"rank-math-list-item\">\n<h3 class=\"rank-math-question \"><strong>Posso usar o \u00f4nibus se estou em uma cadeira de rodas?<\/strong><\/h3>\n<div class=\"rank-math-answer \">\n\n<p>Sim, todos os \u00f4nibus do Barcelona Bus Tur\u00edstic possuem rampa de acesso e espa\u00e7o designado para cadeiras de rodas dentro do ve\u00edculo.<\/p>\n\n<\/div>\n<\/div>\n<div id=\"faq-question-1725509229470\" class=\"rank-math-list-item\">\n<h3 class=\"rank-math-question \"><strong>Onde posso comprar um bilhete do \u00d4nibus Hop On Hop Off?<\/strong><\/h3>\n<div class=\"rank-math-answer \">\n\n<p>Use o formul\u00e1rio de reserva <a href=\"https:\/\/www.tiqets.com\/checkout\/tickets-for-barcelona-bus-turistic-hop-on-hop-off-bus-tour-p974325\/booking_details\/?partner=hoponhopoffbusbarcelona\" data-type=\"link\" data-id=\"https:\/\/www.tiqets.com\/checkout\/tickets-for-barcelona-bus-turistic-hop-on-hop-off-bus-tour-p974325\/booking_details\/?partner=hoponhopoffbusbarcelona\" rel=\"nofollow noopener\">aqui<\/a> para comprar o seu bilhete. Ap\u00f3s sua compra, voc\u00ea receber\u00e1 um voucher por e-mail que poder\u00e1 ser trocado por um bilhete no \u00f4nibus.<\/p>\n\n<\/div>\n<\/div>\n<div id=\"faq-question-1725509240463\" class=\"rank-math-list-item\">\n<h3 class=\"rank-math-question \"><strong>Posso comprar um bilhete antes de chegar em Barcelona?<\/strong><\/h3>\n<div class=\"rank-math-answer \">\n\n<p>Sim, os vouchers s\u00e3o v\u00e1lidos por 180 dias corridos.<\/p>\n\n<\/div>\n<\/div>\n<div id=\"faq-question-1725509246583\" class=\"rank-math-list-item\">\n<h3 class=\"rank-math-question \"><strong>Quanto custa um bilhete?<\/strong><\/h3>\n<div class=\"rank-math-answer \">\n\n<p>Confira os pre\u00e7os mais recentes <a href=\"https:\/\/www.hoponhopoffbarcelona.org\/pt\/ingressos\/\" data-type=\"link\" data-id=\"https:\/\/www.hoponhopoffbarcelona.org\/pt\/ingressos\/\">aqui<\/a>. Em geral, os bilhetes de 2 dias oferecem o melhor custo-benef\u00edcio.<\/p>\n\n<\/div>\n<\/div>\n<div id=\"faq-question-1725509251783\" class=\"rank-math-list-item\">\n<h3 class=\"rank-math-question \"><strong>Crian\u00e7as t\u00eam direito a desconto?<\/strong><\/h3>\n<div class=\"rank-math-answer \">\n\n<p>Sim, crian\u00e7as entre 4 e 12 anos podem usar um bilhete infantil. Crian\u00e7as menores de 4 anos viajam gratuitamente.<\/p>\n\n<\/div>\n<\/div>\n<\/div>\n<\/div>","protected":false},"excerpt":{"rendered":"","protected":false},"author":1,"featured_media":0,"parent":0,"menu_order":6,"comment_status":"closed","ping_status":"closed","template":"","meta":{"_acf_changed":false,"footnotes":"","button_url":"https:\/\/www.tiqets.com\/pt\/barcelona-attractions-c66342\/tickets-for-hop-on-hop-off-bus-barcelona-p974325\/?partner=hoponhopoffbusbarcelona","ms_product_id":"","ms_product_name":"","ms_price":"","ms_currency":"","ms_rating_value":"","ms_review_count":"","rank_math_title":"Perguntas Mais Frequentes","rank_math_description":"Perguntas frequentes sobre o \u00f4nibus de Barcelona \u201cHop On Hop Off\u201d."},"post-style":[],"producer":[],"class_list":["post-12","page","type-page","status-publish","has-post-thumbnail"],"acf":[],"product_schema":{"ms_product_id":"","ms_product_name":"","ms_price":"","ms_currency":"","ms_rating_value":"","ms_review_count":""},"_links":{"self":[{"href":"https:\/\/www.hoponhopoffbarcelona.org\/pt\/wp-json\/wp\/v2\/pages\/12","targetHints":{"allow":["GET"]}}],"collection":[{"href":"https:\/\/www.hoponhopoffbarcelona.org\/pt\/wp-json\/wp\/v2\/pages"}],"about":[{"href":"https:\/\/www.hoponhopoffbarcelona.org\/pt\/wp-json\/wp\/v2\/types\/page"}],"author":[{"embeddable":true,"href":"https:\/\/www.hoponhopoffbarcelona.org\/pt\/wp-json\/wp\/v2\/users\/1"}],"replies":[{"embeddable":true,"href":"https:\/\/www.hoponhopoffbarcelona.org\/pt\/wp-json\/wp\/v2\/comments?post=12"}],"version-history":[{"count":3,"href":"https:\/\/www.hoponhopoffbarcelona.org\/pt\/wp-json\/wp\/v2\/pages\/12\/revisions"}],"predecessor-version":[{"id":945,"href":"https:\/\/www.hoponhopoffbarcelona.org\/pt\/wp-json\/wp\/v2\/pages\/12\/revisions\/945"}],"wp:attachment":[{"href":"https:\/\/www.hoponhopoffbarcelona.org\/pt\/wp-json\/wp\/v2\/media?parent=12"}],"wp:term":[{"taxonomy":"post-style","embeddable":true,"href":"https:\/\/www.hoponhopoffbarcelona.org\/pt\/wp-json\/wp\/v2\/post-style?post=12"},{"taxonomy":"producer","embeddable":true,"href":"https:\/\/www.hoponhopoffbarcelona.org\/pt\/wp-json\/wp\/v2\/producer?post=12"}],"curies":[{"name":"wp","href":"https:\/\/api.w.org\/{rel}","templated":true}]}}