{"id":8,"date":"2015-02-04T16:25:04","date_gmt":"2015-02-04T15:25:04","guid":{"rendered":"https:\/\/www.hoponhopoffbarcelona.org\/?page_id=8"},"modified":"2026-01-21T21:54:19","modified_gmt":"2026-01-21T20:54:19","slug":"korzysci","status":"publish","type":"page","link":"https:\/\/www.hoponhopoffbarcelona.org\/pl\/korzysci\/","title":{"rendered":"Korzy\u015bci"},"content":{"rendered":"\n<p>Je\u015bli chcesz po prostu w wygodny spos\u00f3b dosta\u0107 si\u0119 do jednych z najbardziej znanych zabytk\u00f3w Barcelony lub chcesz zobaczy\u0107 wszystko co to wspania\u0142e miasto ma do zaoferowania, Hop On Hop Off Bus Barcelona jest najprostszym i najbezpieczniejszym sposobem na zwiedzanie.<\/p>\n\n\n\n<h3 class=\"wp-block-heading\">Inteligentny spos\u00f3b, aby zobaczy\u0107 Barcelon\u0119<\/h3>\n\n\n\n<p>Inne firmy wycieczkowe wymagaj\u0105 aby\u015b trzyma\u0142 si\u0119 napi\u0119tego harmonogramu. Musisz dosta\u0107 si\u0119 do autobusu o wyznaczonej z g\u00f3ry godzinie i i\u015b\u0107 tam, gdzie inni chc\u0105 p\u00f3j\u015b\u0107. A co je\u015bli b\u0119dziesz chcia\u0142 sp\u0119dzi\u0107 wi\u0119cej czasu w Sagrada Familia ni\u017c wycieczka na to pozwala? W\u0142a\u015bnie to oferuje Ci Hop On Hop Off Bus.<\/p>\n\n\n<div class=\"gb-container gb-container-40b0d6fd ms-alert--primary ms-p-sm ms-mb-block\">\n\n<p class=\"gb-headline gb-headline-59b0cb5a gb-headline-text alert alert-info\">Ty wybierasz, kt\u00f3re zabytki chcesz zobaczy\u0107, kiedy chcesz je zobaczy\u0107 i jak d\u0142ugo chcesz zosta\u0107.<\/p>\n\n<\/div>\n\n\n<p>System hop-on, hop-off pozwala za jedn\u0105 cen\u0119 przez ca\u0142y dzie\u0144 lub dwa dni zwiedza\u0107 miasto, niezale\u017cnie od tego, czy przejedziesz obie trasy, czy tylko pierwsze dwa przystanki jednej trasy.<\/p>\n\n\n\n<p>Autobus turystyczny daje Ci pe\u0142n\u0105 kontrol\u0119 nad Twoim czasem, wi\u0119c mo\u017cesz do\u015bwiadczy\u0107 Barcelony tak, jak tego chcesz.<\/p>\n\n\n\n<p>Nasze pi\u0119trowe autobusy z odkrytym dachem s\u0105 \u0142atwe do zlokalizowania i kursuj\u0105 codziennie od oko\u0142o 9:00 do 18:00. W zale\u017cno\u015bci od sezonu, nowy autobus przyje\u017cd\u017ca co 10-25 minut.<\/p>\n\n\n\n<p>Ka\u017cda trasa zajmuje oko\u0142o dw\u00f3ch godzin. Najwi\u0119ksz\u0105 zalet\u0105 Bus Turistic jest jednak to, \u017ce mo\u017cesz sp\u0119dzi\u0107 tyle czasu, ile chcesz na ka\u017cdym przystanku, bez konieczno\u015bci p\u0142acenia za nowy przejazd, gdy z\u0142apiesz nast\u0119pny autobus. Naprawd\u0119 nie mo\u017ce by\u0107 pro\u015bciej!<\/p>\n\n\n\n<p>A dla prawdziwie wyj\u0105tkowego do\u015bwiadczenia, oficjalni przewodnicy na pok\u0142adzie oferuj\u0105 spersonalizowan\u0105 obs\u0142ug\u0119. To jedyny autobus wycieczkowy w Barcelonie z tak\u0105 us\u0142ug\u0105, dzi\u0119ki czemu zwiedzanie Barcelony jest jeszcze przyjemniejsze i bardziej pouczaj\u0105ce.<\/p>\n\n\n\n<h3 class=\"wp-block-heading\">Rabaty i inne korzy\u015bci<\/h3>\n\n\n\n<p>Po wej\u015bciu do autobusu otrzymasz r\u00f3wnie\u017c map\u0119 miasta i przewodnik w wielu j\u0119zykach, a tak\u017ce broszur\u0119 z kuponami rabatowymi do najpopularniejszych atrakcji Barcelony. Aby skorzysta\u0107 z wi\u0119kszo\u015bci zni\u017cek, wystarczy okaza\u0107 bilet Barcelona Bus Tur\u00edstic w kasie atrakcji. Obejmuj\u0105 one:<\/p>\n\n\n\n<ul class=\"wp-block-list\">\n<li>Ulubion\u0105 atrakcj\u0119 dzieci: <strong>Akwarium w Barcelonie<\/strong><\/li>\n\n\n\n<li>Centrum handlowe Barcelona Outlet: <strong>La Roca Village<\/strong><\/li>\n\n\n\n<li>Muzea Barcelony: <strong>Muzeum Moco, Teatr-Muzeum Dal\u00ed, Poble Espanyol<\/strong><\/li>\n\n\n\n<li>Pomnik Kolumba w Barcelonie: <strong>Mirador de Colom<\/strong><\/li>\n\n\n\n<li>Wycieczki i wyjazdy z Barcelony: <strong>Barcelona Walking Tours, Costa Brava (Tossa de Mar, Easy Montserrat, Premium Montserrat)<\/strong><\/li>\n\n\n\n<li>Kolejka linowa: <strong>Kolejka linowa Montju\u00efc<\/strong><\/li>\n<\/ul>\n\n\n\n<p>Hop-on hop-off bus oferuje r\u00f3wnie\u017c <strong>bezp\u0142atny przewodnik audio<\/strong> w szesnastu j\u0119zykach, z indywidualnym zestawem s\u0142uchawek, a tak\u017ce udogodnienia dla os\u00f3b o ograniczonej sprawno\u015bci ruchowej lub z zaburzeniami s\u0142uchu.<\/p>\n\n\n\n<p>Autobusy s\u0105 wyposa\u017cone w bezp\u0142atne WiFi, wi\u0119c mo\u017cesz aktualizowa\u0107 media spo\u0142eczno\u015bciowe lub sprawdza\u0107 poczt\u0119 pomi\u0119dzy przystankami.<\/p>\n","protected":false},"excerpt":{"rendered":"","protected":false},"author":1,"featured_media":0,"parent":0,"menu_order":3,"comment_status":"closed","ping_status":"closed","template":"","meta":{"_acf_changed":false,"footnotes":"","button_url":"https:\/\/www.tiqets.com\/pl\/barcelona-attractions-c66342\/tickets-for-hop-on-hop-off-bus-barcelona-p974325\/?partner=hoponhopoffbusbarcelona","ms_product_id":"","ms_product_name":"","ms_price":"","ms_currency":"","ms_rating_value":"","ms_review_count":"","rank_math_title":"Zalety Hop On Hop Off Bus Barcelona - Czy warto?","rank_math_description":"Odkryj wszystkie korzy\u015bci z Hop On Hop Off Bus Barcelona, w tym elastyczny system zni\u017cek na bilety do najbardziej znanych atrakcji Barcelony."},"post-style":[],"producer":[],"class_list":["post-8","page","type-page","status-publish","has-post-thumbnail"],"acf":[],"product_schema":{"ms_product_id":"","ms_product_name":"","ms_price":"","ms_currency":"","ms_rating_value":"","ms_review_count":""},"_links":{"self":[{"href":"https:\/\/www.hoponhopoffbarcelona.org\/pl\/wp-json\/wp\/v2\/pages\/8","targetHints":{"allow":["GET"]}}],"collection":[{"href":"https:\/\/www.hoponhopoffbarcelona.org\/pl\/wp-json\/wp\/v2\/pages"}],"about":[{"href":"https:\/\/www.hoponhopoffbarcelona.org\/pl\/wp-json\/wp\/v2\/types\/page"}],"author":[{"embeddable":true,"href":"https:\/\/www.hoponhopoffbarcelona.org\/pl\/wp-json\/wp\/v2\/users\/1"}],"replies":[{"embeddable":true,"href":"https:\/\/www.hoponhopoffbarcelona.org\/pl\/wp-json\/wp\/v2\/comments?post=8"}],"version-history":[{"count":3,"href":"https:\/\/www.hoponhopoffbarcelona.org\/pl\/wp-json\/wp\/v2\/pages\/8\/revisions"}],"predecessor-version":[{"id":853,"href":"https:\/\/www.hoponhopoffbarcelona.org\/pl\/wp-json\/wp\/v2\/pages\/8\/revisions\/853"}],"wp:attachment":[{"href":"https:\/\/www.hoponhopoffbarcelona.org\/pl\/wp-json\/wp\/v2\/media?parent=8"}],"wp:term":[{"taxonomy":"post-style","embeddable":true,"href":"https:\/\/www.hoponhopoffbarcelona.org\/pl\/wp-json\/wp\/v2\/post-style?post=8"},{"taxonomy":"producer","embeddable":true,"href":"https:\/\/www.hoponhopoffbarcelona.org\/pl\/wp-json\/wp\/v2\/producer?post=8"}],"curies":[{"name":"wp","href":"https:\/\/api.w.org\/{rel}","templated":true}]}}