{"id":640,"date":"2024-10-26T05:36:13","date_gmt":"2024-10-26T03:36:13","guid":{"rendered":"https:\/\/www.hoponhopoffbarcelona.org\/pl\/?page_id=640"},"modified":"2025-01-06T11:54:49","modified_gmt":"2025-01-06T10:54:49","slug":"kontakt","status":"publish","type":"page","link":"https:\/\/www.hoponhopoffbarcelona.org\/pl\/kontakt\/","title":{"rendered":"Kontakt"},"content":{"rendered":"\n<h3 class=\"wp-block-heading\">Zapytania o Bilety<\/h3>\n\n\n\n<p>W sprawie pyta\u0144 dotycz\u0105cych bilet\u00f3w lub istniej\u0105cej rezerwacji prosimy o kontakt z naszym partnerem biletowym:<\/p>\n\n\n\n<ul class=\"wp-block-list\">\n<li>Email: info@ticketbar.eu<\/li>\n\n\n\n<li>Telefon: +44 2035142614<\/li>\n<\/ul>\n\n\n\n<hr class=\"wp-block-separator has-alpha-channel-opacity\"\/>\n\n\n\n<h3 class=\"wp-block-heading\">Informacje dla Odwiedzaj\u0105cych<\/h3>\n\n\n\n<p>Aby uzyska\u0107 informacje o wycieczkach, atrakcjach, wydarzeniach kulturalnych lub rezerwacjach hotelowych, mo\u017cna skontaktowa\u0107 si\u0119 z oficjalnym biurem turystycznym Barcelony: Turisme de Barcelona.<\/p>\n\n\n\n<ul class=\"wp-block-list\">\n<li>Email: info@barcelonaturisme.com<\/li>\n\n\n\n<li>Telefon: +34 932 853 832 (dost\u0119pny codziennie od 8:00 do 20:00)<\/li>\n<\/ul>\n\n\n\n<p>Je\u015bli jeste\u015b ju\u017c w Barcelonie, mo\u017cesz odwiedzi\u0107 jedno z oficjalnych biur turystycznych znajduj\u0105cych si\u0119 na lotnisku lub w mie\u015bcie. Aby zobaczy\u0107 pe\u0142n\u0105 list\u0119 lokalizacji, kliknij <a href=\"https:\/\/www.barcelonaturisme.com\/wv3\/en\/page\/38\/tourist-information-points.html\" target=\"_blank\" rel=\"noreferrer noopener nofollow\">ten link<\/a>.<\/p>\n\n\n\n<hr class=\"wp-block-separator has-alpha-channel-opacity\"\/>\n\n\n\n<h3 class=\"wp-block-heading\">Wsparcie Strony Internetowej<\/h3>\n\n\n\n<p>W sprawie pyta\u0144 dotycz\u0105cych naszej strony internetowej prosimy o bezpo\u015bredni kontakt:<\/p>\n\n\n\n<ul class=\"wp-block-list\">\n<li>Email: info@moonshot.media<\/li>\n<\/ul>\n","protected":false},"excerpt":{"rendered":"","protected":false},"author":3,"featured_media":0,"parent":0,"menu_order":0,"comment_status":"closed","ping_status":"closed","template":"","meta":{"_acf_changed":false,"footnotes":"","button_url":"https:\/\/www.tiqets.com\/pl\/barcelona-attractions-c66342\/tickets-for-hop-on-hop-off-bus-barcelona-p974325\/?partner=hoponhopoffbusbarcelona","ms_product_id":"","ms_product_name":"","ms_price":"","ms_currency":"","ms_rating_value":"","ms_review_count":"","rank_math_title":"","rank_math_description":""},"post-style":[],"producer":[],"class_list":["post-640","page","type-page","status-publish","has-post-thumbnail"],"acf":[],"product_schema":{"ms_product_id":"","ms_product_name":"","ms_price":"","ms_currency":"","ms_rating_value":"","ms_review_count":""},"_links":{"self":[{"href":"https:\/\/www.hoponhopoffbarcelona.org\/pl\/wp-json\/wp\/v2\/pages\/640","targetHints":{"allow":["GET"]}}],"collection":[{"href":"https:\/\/www.hoponhopoffbarcelona.org\/pl\/wp-json\/wp\/v2\/pages"}],"about":[{"href":"https:\/\/www.hoponhopoffbarcelona.org\/pl\/wp-json\/wp\/v2\/types\/page"}],"author":[{"embeddable":true,"href":"https:\/\/www.hoponhopoffbarcelona.org\/pl\/wp-json\/wp\/v2\/users\/3"}],"replies":[{"embeddable":true,"href":"https:\/\/www.hoponhopoffbarcelona.org\/pl\/wp-json\/wp\/v2\/comments?post=640"}],"version-history":[{"count":1,"href":"https:\/\/www.hoponhopoffbarcelona.org\/pl\/wp-json\/wp\/v2\/pages\/640\/revisions"}],"predecessor-version":[{"id":641,"href":"https:\/\/www.hoponhopoffbarcelona.org\/pl\/wp-json\/wp\/v2\/pages\/640\/revisions\/641"}],"wp:attachment":[{"href":"https:\/\/www.hoponhopoffbarcelona.org\/pl\/wp-json\/wp\/v2\/media?parent=640"}],"wp:term":[{"taxonomy":"post-style","embeddable":true,"href":"https:\/\/www.hoponhopoffbarcelona.org\/pl\/wp-json\/wp\/v2\/post-style?post=640"},{"taxonomy":"producer","embeddable":true,"href":"https:\/\/www.hoponhopoffbarcelona.org\/pl\/wp-json\/wp\/v2\/producer?post=640"}],"curies":[{"name":"wp","href":"https:\/\/api.w.org\/{rel}","templated":true}]}}