{"id":591,"date":"2015-02-04T16:40:52","date_gmt":"2015-02-04T15:40:52","guid":{"rendered":"https:\/\/www.hoponhopoffbarcelona.org\/?page_id=11"},"modified":"2026-01-21T22:02:07","modified_gmt":"2026-01-21T21:02:07","slug":"ceny","status":"publish","type":"page","link":"https:\/\/www.hoponhopoffbarcelona.org\/pl\/ceny\/","title":{"rendered":"Bilety i ceny"},"content":{"rendered":"\n<p>Hop On Hop Off Bus oferuje dwie r\u00f3\u017cne opcje bilet\u00f3w, z kt\u00f3rych obie pozwalaj\u0105 wsiada\u0107 i wysiada\u0107 z autobusu tyle razy, ile tylko zapragniesz w godzinach kursowania, czyli od 9:00 do 18:00.<\/p>\n\n\n\n<p>To, kt\u00f3r\u0105 opcj\u0119 wybierzesz, ostatecznie zale\u017cy od tego, jak szybko chcesz zwiedzi\u0107 Barcelon\u0119.<\/p>\n\n\n<div class=\"gb-container gb-container-7d45ff9c ms-alert--primary ms-p ms-rounded ms-mb-last-child-0 ms-mb-children-condensed ms-mb-block\">\n\n<p>Bilety 2-dniowe oferuj\u0105 najlepsz\u0105 warto\u015b\u0107, kosztuj\u0105c tylko 22,00\u20ac za dzie\u0144 (bilet 1-dniowy kosztuje 33,00\u20ac).<\/p>\n\n<\/div>\n\n\n<h3 class=\"wp-block-heading\">Lista cen<\/h3>\n\n\n<div class=\"ms-table\"><table><tr><th><\/th><th>24 Godziny<\/th><th>48 Godzin<\/th><\/tr><tr><td>Doro\u015bli (13-64 lata)<\/td><td>\u20ac33.00<\/td><td>\u20ac44.00 (\u20ac22.00 za dzie\u0144)<\/td><\/tr><tr><td>Dzieci (4-12)<\/td><td>\u20ac18.00<\/td><td>\u20ac23.00 (\u20ac11.50 za dzie\u0144)<\/td><\/tr><tr><td>Seniorzy (powy\u017cej 65 lat)<\/td><td>\u20ac28.00<\/td><td>\u20ac39.00 (\u20ac19.50 za dzie\u0144)<\/td><\/tr><tr><td>Niepe\u0142nosprawny (osoby z niepe\u0142nosprawno\u015bci\u0105 powy\u017cej 33%)\n<\/td><td>\u20ac28.00<\/td><td>\u20ac39.00 (\u20ac19.50 za dzie\u0144)<\/td><\/tr><\/table><\/div>\n\n\n<p><strong>Uwaga:<\/strong> Dzieci w wieku do trzech lat podr\u00f3\u017cuj\u0105 bezp\u0142atnie! Ceny dla dzieci dotycz\u0105 dzieci w wieku od 4 do 12 lat.<\/p>\n\n\n\n<h3 class=\"wp-block-heading\">Wybierz bilet<\/h3>\n\n\n\n<p>Jest mo\u017cliwe przejechanie obu tras autobusowych w tym samym dniu. Niebieska i czerwona trasa zajmuj\u0105 oko\u0142o dw\u00f3ch godzin ka\u017cda. Mo\u017cesz zmienia\u0107 autobusy tyle razy, ile chcesz, bez konieczno\u015bci ponownego p\u0142acenia.<\/p>\n\n\n\n<p>Je\u015bli jeste\u015b w Barcelonie tylko jeden dzie\u0144 i chcesz zobaczy\u0107 ca\u0142e miasto i wszystko, co ma do zaoferowania, bilet 1-dniowy na Bus Turistic to \u015bwietny wyb\u00f3r. Oczywi\u015bcie, aby zobaczy\u0107 wszystkie przystanki na trasach, nie b\u0119dziesz m\u00f3g\u0142 sp\u0119dzi\u0107 zbyt wiele czasu na ka\u017cdym przystanku.<\/p>\n\n\n\n<p>Je\u015bli masz wi\u0119cej ni\u017c jeden dzie\u0144 do sp\u0119dzenia w Barcelonie, zalecamy bilet 2-dniowy. W ci\u0105gu dw\u00f3ch kolejnych dni mo\u017cesz wsiada\u0107 i wysiada\u0107 z autobusu tyle razy, ile chcesz, oraz sp\u0119dza\u0107 tyle czasu, ile tylko chcesz, w ka\u017cdym miejscu. Mo\u017cesz zacz\u0105\u0107 na dowolnym przystanku i zatrzyma\u0107 si\u0119 na dowolnym przystanku. Dwa dni daj\u0105 troch\u0119 wi\u0119cej czasu, aby w pe\u0142ni do\u015bwiadczy\u0107 tego, co Barcelona ma do zaoferowania.<\/p>\n\n\n\n<p>Trasa niebieska pokrywa si\u0119 z tras\u0105 czerwon\u0105 co najmniej raz, wi\u0119c \u0142atwo jest przesi\u0105\u015b\u0107 si\u0119 na inn\u0105 tras\u0119, gdy zobaczysz ju\u017c wszystko, co chcia\u0142e\u015b zobaczy\u0107 na pierwszej trasie.<\/p>\n","protected":false},"excerpt":{"rendered":"","protected":false},"author":1,"featured_media":0,"parent":0,"menu_order":4,"comment_status":"closed","ping_status":"closed","template":"","meta":{"_acf_changed":false,"footnotes":""},"post-style":[],"producer":[],"class_list":["post-591","page","type-page","status-publish"],"acf":[],"_links":{"self":[{"href":"https:\/\/www.hoponhopoffbarcelona.org\/pl\/wp-json\/wp\/v2\/pages\/591","targetHints":{"allow":["GET"]}}],"collection":[{"href":"https:\/\/www.hoponhopoffbarcelona.org\/pl\/wp-json\/wp\/v2\/pages"}],"about":[{"href":"https:\/\/www.hoponhopoffbarcelona.org\/pl\/wp-json\/wp\/v2\/types\/page"}],"author":[{"embeddable":true,"href":"https:\/\/www.hoponhopoffbarcelona.org\/pl\/wp-json\/wp\/v2\/users\/1"}],"replies":[{"embeddable":true,"href":"https:\/\/www.hoponhopoffbarcelona.org\/pl\/wp-json\/wp\/v2\/comments?post=591"}],"version-history":[{"count":3,"href":"https:\/\/www.hoponhopoffbarcelona.org\/pl\/wp-json\/wp\/v2\/pages\/591\/revisions"}],"predecessor-version":[{"id":937,"href":"https:\/\/www.hoponhopoffbarcelona.org\/pl\/wp-json\/wp\/v2\/pages\/591\/revisions\/937"}],"wp:attachment":[{"href":"https:\/\/www.hoponhopoffbarcelona.org\/pl\/wp-json\/wp\/v2\/media?parent=591"}],"wp:term":[{"taxonomy":"post-style","embeddable":true,"href":"https:\/\/www.hoponhopoffbarcelona.org\/pl\/wp-json\/wp\/v2\/post-style?post=591"},{"taxonomy":"producer","embeddable":true,"href":"https:\/\/www.hoponhopoffbarcelona.org\/pl\/wp-json\/wp\/v2\/producer?post=591"}],"curies":[{"name":"wp","href":"https:\/\/api.w.org\/{rel}","templated":true}]}}