{"id":12,"date":"2015-02-04T16:47:37","date_gmt":"2015-02-04T15:47:37","guid":{"rendered":"https:\/\/www.hoponhopoffbarcelona.org\/?page_id=12"},"modified":"2026-01-21T22:04:32","modified_gmt":"2026-01-21T21:04:32","slug":"czesto-zadawane-pytania","status":"publish","type":"page","link":"https:\/\/www.hoponhopoffbarcelona.org\/pl\/czesto-zadawane-pytania\/","title":{"rendered":"Cz\u0119sto Zadawane Pytania"},"content":{"rendered":"<div id=\"rank-math-faq\" class=\"rank-math-block\">\n<div class=\"rank-math-list \">\n<div id=\"faq-question-1717062476605\" class=\"rank-math-list-item\">\n<h3 class=\"rank-math-question \"><strong>Co to jest Hop On Hop Off Bus?<\/strong><\/h3>\n<div class=\"rank-math-answer \">\n\n<p>Hop On Hop Off Bus jest to autobus turystyczny, kt\u00f3ry pozwala wsiada\u0107 i wysiada\u0107 tyle razy, ile tylko chcesz, korzystaj\u0105c z jednego biletu.<\/p>\n\n<\/div>\n<\/div>\n<div id=\"faq-question-1717062505033\" class=\"rank-math-list-item\">\n<h3 class=\"rank-math-question \"><strong>Dlaczego warto korzysta\u0107 z Hop On Hop Off Bus?<\/strong><\/h3>\n<div class=\"rank-math-answer \">\n\n<p>Elastyczno\u015b\u0107 jest kluczowym atutem tego autobusu turystycznego. Mo\u017cesz przejecha\u0107 ca\u0142\u0105 tras\u0119 tym samym autobusem bez wysiadania lub wysiada\u0107 na ka\u017cdym przystanku i sp\u0119dza\u0107 godziny na zwiedzaniu Barcelony pieszo, zanim wr\u00f3cisz, aby odwiedzi\u0107 kolejny przystanek.<\/p>\n<p>Je\u015bli chodzi o zwiedzanie wed\u0142ug w\u0142asnego planu, nie ma lepszego sposobu na poruszanie si\u0119 po mie\u015bcie ni\u017c ta us\u0142uga. Ty decydujesz, kt\u00f3re zabytki chcesz zobaczy\u0107, na kt\u00f3rych przystankach chcesz wysi\u0105\u015b\u0107, a nawet gdzie rozpocz\u0105\u0107 i zako\u0144czy\u0107 wycieczk\u0119. Mo\u017cesz zobaczy\u0107 wszystko na naszych trasach lub tylko to, co najwa\u017cniejsze i najlepsze w Barcelonie.<\/p>\n\n<\/div>\n<\/div>\n<div id=\"faq-question-1717062519392\" class=\"rank-math-list-item\">\n<h3 class=\"rank-math-question \"><strong>Jakie inne korzy\u015bci otrzymuj\u0119 z moim biletem?<\/strong><\/h3>\n<div class=\"rank-math-answer \">\n\n<p>Autobus wycieczkowy oferuje szereg korzy\u015bci, w tym przewodniki audio w szesnastu j\u0119zykach, 10\u201320% zni\u017cki na najpopularniejsze wycieczki i atrakcje Barcelony, bezp\u0142atne Wi-Fi w autobusie i bezp\u0142atna aplikacja na smartfony.<\/p>\n\n<\/div>\n<\/div>\n<div id=\"faq-question-1725509200966\" class=\"rank-math-list-item\">\n<h3 class=\"rank-math-question \"><strong>Dok\u0105d prowadz\u0105 wycieczki Hop On Hop Off Bus?<\/strong><\/h3>\n<div class=\"rank-math-answer \">\n\n<p>Dwie okr\u0119\u017cne trasy pokrywaj\u0105 Barcelon\u0119 od wschodu do zachodu i z p\u00f3\u0142nocy na po\u0142udnie. Z 38 przystank\u00f3w autobusowych i 3 punkt\u00f3w przesiadkowych mi\u0119dzy trasami, z \u0142atwo\u015bci\u0105 dotrzesz do wszystkich s\u0142ynnych zabytk\u00f3w i atrakcji Barcelony.<\/p>\n\n<\/div>\n<\/div>\n<div id=\"faq-question-1725509208920\" class=\"rank-math-list-item\">\n<h3 class=\"rank-math-question \"><strong>Jak d\u0142ugo musz\u0119 czeka\u0107 na nast\u0119pny autobus?<\/strong><\/h3>\n<div class=\"rank-math-answer \">\n\n<p>W zale\u017cno\u015bci od pory roku, nowy autobus przyje\u017cd\u017ca co 10-25 minut.<\/p>\n\n<\/div>\n<\/div>\n<div id=\"faq-question-1725509214553\" class=\"rank-math-list-item\">\n<h3 class=\"rank-math-question \"><strong>Czy mog\u0119 korzysta\u0107 z Hop On Hop Off Bus w weekendy?<\/strong><\/h3>\n<div class=\"rank-math-answer \">\n\n<p>Tak, autobusy kursuj\u0105 codziennie, od 9:00 do 18:00. Tylko w dniach 25\/12 i 1\/1 autobusy nie kursuj\u0105.<\/p>\n\n<\/div>\n<\/div>\n<div id=\"faq-question-1725509223527\" class=\"rank-math-list-item\">\n<h3 class=\"rank-math-question \"><strong>Czy mog\u0119 skorzysta\u0107 z autobusu, je\u015bli jestem na w\u00f3zku inwalidzkim?<\/strong><\/h3>\n<div class=\"rank-math-answer \">\n\n<p>Tak, wszystkie autobusy Barcelona Bus Tur\u00edstic posiadaj\u0105 ramp\u0119 dost\u0119pow\u0105 i wyznaczone miejsce dla w\u00f3zk\u00f3w inwalidzkich wewn\u0105trz pojazdu.<\/p>\n\n<\/div>\n<\/div>\n<div id=\"faq-question-1725509229470\" class=\"rank-math-list-item\">\n<h3 class=\"rank-math-question \"><strong>Gdzie mog\u0119 kupi\u0107 bilet na Hop On Hop Off Bus?<\/strong><\/h3>\n<div class=\"rank-math-answer \">\n\n<p>Aby kupi\u0107 bilet, <a href=\"https:\/\/www.tiqets.com\/checkout\/tickets-for-barcelona-bus-turistic-hop-on-hop-off-bus-tour-p974325\/booking_details\/?partner=hoponhopoffbusbarcelona\" data-type=\"link\" data-id=\"https:\/\/www.tiqets.com\/checkout\/tickets-for-barcelona-bus-turistic-hop-on-hop-off-bus-tour-p974325\/booking_details\/?partner=hoponhopoffbusbarcelona\" rel=\"nofollow noopener\">skorzystaj z formularza rezerwacyjnego tutaj<\/a>. Po zakupie otrzymasz voucher e-mailem, kt\u00f3ry mo\u017cesz wymieni\u0107 na bilet w autobusie.<\/p>\n\n<\/div>\n<\/div>\n<div id=\"faq-question-1725509240463\" class=\"rank-math-list-item\">\n<h3 class=\"rank-math-question \"><strong>Czy mog\u0119 kupi\u0107 bilet przed przyjazdem do Barcelony?<\/strong><\/h3>\n<div class=\"rank-math-answer \">\n\n<p>Tak, vouchery biletowe s\u0105 wa\u017cne przez 180 dni kalendarzowych.<\/p>\n\n<\/div>\n<\/div>\n<div id=\"faq-question-1725509246583\" class=\"rank-math-list-item\">\n<h3 class=\"rank-math-question \"><strong>Ile kosztuje bilet?<\/strong><\/h3>\n<div class=\"rank-math-answer \">\n\n<p>Sprawd\u017a najnowsze ceny <a href=\"https:\/\/www.hoponhopoffbarcelona.org\/pl\/ceny\/\" data-type=\"link\" data-id=\"https:\/\/www.hoponhopoffbarcelona.org\/pl\/ceny\/\">tutaj<\/a>. Generalnie bilety 2-dniowe oferuj\u0105 najlepsz\u0105 warto\u015b\u0107.<\/p>\n\n<\/div>\n<\/div>\n<div id=\"faq-question-1725509251783\" class=\"rank-math-list-item\">\n<h3 class=\"rank-math-question \"><strong>Czy dzieci otrzymuj\u0105 zni\u017ck\u0119?<\/strong><\/h3>\n<div class=\"rank-math-answer \">\n\n<p>Tak, dzieci w wieku od 4 do 12 lat mog\u0105 korzysta\u0107 z bilet\u00f3w dzieci\u0119cych. Dzieci poni\u017cej 4 roku \u017cycia podr\u00f3\u017cuj\u0105 bezp\u0142atnie.<\/p>\n\n<\/div>\n<\/div>\n<\/div>\n<\/div>","protected":false},"excerpt":{"rendered":"","protected":false},"author":1,"featured_media":0,"parent":0,"menu_order":6,"comment_status":"closed","ping_status":"closed","template":"","meta":{"_acf_changed":false,"footnotes":"","button_url":"https:\/\/www.tiqets.com\/pl\/barcelona-attractions-c66342\/tickets-for-hop-on-hop-off-bus-barcelona-p974325\/?partner=hoponhopoffbusbarcelona","ms_product_id":"","ms_product_name":"","ms_price":"","ms_currency":"","ms_rating_value":"","ms_review_count":"","rank_math_title":"%title% %page% %sep% %sitename%","rank_math_description":"Najcz\u0119\u015bciej zadawane pytania na temat Hop On Hop Off Bus Barcelona."},"post-style":[],"producer":[],"class_list":["post-12","page","type-page","status-publish","has-post-thumbnail"],"acf":[],"product_schema":{"ms_product_id":"","ms_product_name":"","ms_price":"","ms_currency":"","ms_rating_value":"","ms_review_count":""},"_links":{"self":[{"href":"https:\/\/www.hoponhopoffbarcelona.org\/pl\/wp-json\/wp\/v2\/pages\/12","targetHints":{"allow":["GET"]}}],"collection":[{"href":"https:\/\/www.hoponhopoffbarcelona.org\/pl\/wp-json\/wp\/v2\/pages"}],"about":[{"href":"https:\/\/www.hoponhopoffbarcelona.org\/pl\/wp-json\/wp\/v2\/types\/page"}],"author":[{"embeddable":true,"href":"https:\/\/www.hoponhopoffbarcelona.org\/pl\/wp-json\/wp\/v2\/users\/1"}],"replies":[{"embeddable":true,"href":"https:\/\/www.hoponhopoffbarcelona.org\/pl\/wp-json\/wp\/v2\/comments?post=12"}],"version-history":[{"count":3,"href":"https:\/\/www.hoponhopoffbarcelona.org\/pl\/wp-json\/wp\/v2\/pages\/12\/revisions"}],"predecessor-version":[{"id":939,"href":"https:\/\/www.hoponhopoffbarcelona.org\/pl\/wp-json\/wp\/v2\/pages\/12\/revisions\/939"}],"wp:attachment":[{"href":"https:\/\/www.hoponhopoffbarcelona.org\/pl\/wp-json\/wp\/v2\/media?parent=12"}],"wp:term":[{"taxonomy":"post-style","embeddable":true,"href":"https:\/\/www.hoponhopoffbarcelona.org\/pl\/wp-json\/wp\/v2\/post-style?post=12"},{"taxonomy":"producer","embeddable":true,"href":"https:\/\/www.hoponhopoffbarcelona.org\/pl\/wp-json\/wp\/v2\/producer?post=12"}],"curies":[{"name":"wp","href":"https:\/\/api.w.org\/{rel}","templated":true}]}}