{"id":8,"date":"2015-02-04T16:25:04","date_gmt":"2015-02-04T15:25:04","guid":{"rendered":"https:\/\/www.hoponhopoffbarcelona.org\/?page_id=8"},"modified":"2026-01-21T21:24:43","modified_gmt":"2026-01-21T20:24:43","slug":"benefici","status":"publish","type":"page","link":"https:\/\/www.hoponhopoffbarcelona.org\/it\/benefici\/","title":{"rendered":"I benefici del bus turistico"},"content":{"rendered":"\n<p>Se desideri solamente un modo comodo per raggiungere alcuni dei monumenti pi\u00f9 famosi di Barcellona o vuoi vedere tutto ci\u00f2 che la citt\u00e0 ha da offrire, il Bus Hop On Hop Off di Barcellona \u00e8 il modo pi\u00f9 semplice e pi\u00f9 sicuro per spostarsi.<\/p>\n\n\n\n<h3 class=\"wp-block-heading\">Il modo pi\u00f9 intelligente per vedere Barcellona<\/h3>\n\n\n\n<p>Altre compagnie turistiche richiedono di mantenere un programma serrato. Devi prendere l&#8217;autobus quando vogliono loro e devi andare dove loro vogliono che tu vada, quando vogliono che tu vada l\u00ec. Che cosa accadrebbe se tu desiderassi trascorrere pi\u00f9 tempo alla Sagrada Familia rispetto a quello che il tour permette? Questo \u00e8 esattamente ci\u00f2 che il bus Hop On Hop Off \u00e8 in grado di offrirti.<\/p>\n\n\n<div class=\"gb-container gb-container-40b0d6fd ms-alert--primary ms-p-sm ms-mb-block\">\n\n<p class=\"gb-headline gb-headline-59b0cb5a gb-headline-text alert alert-info\">Tu scegli quali luoghi vedere, quando vederli e quanto tempo rimanerci.<\/p>\n\n<\/div>\n\n\n<p>La politica hop-on hop-off ti consente di pagare un unico prezzo per uno o due giorni di tour, che tu decida di fare entrambi i percorsi o solo le prime due fermate di un percorso.<\/p>\n\n\n\n<p>Il bus turistico ti d\u00e0 il controllo completo sul tuo tempo, permettendoti di vivere Barcellona come preferisci.<\/p>\n\n\n\n<p>I nostri autobus a due piani open-top sono facili da individuare e sono in funzione dalle 9:00 alle 18:00 circa. A seconda della stagione, un nuovo bus arriva ogni 10-25 minuti.<\/p>\n\n\n\n<p>Ogni percorso dura circa due ore. La parte migliore del Bus Tur\u00edstic, tuttavia, \u00e8 che puoi trascorrere tutto il tempo che desideri ad ogni fermata, senza dover pagare un nuovo biglietto quando prendi il prossimo autobus. Non potrebbe essere pi\u00f9 semplice di cos\u00ec!<\/p>\n\n\n\n<p>E per un&#8217;esperienza davvero unica, le guide turistiche ufficiali a bordo ti offrono un&#8217;attenzione personalizzata. Questo \u00e8 l&#8217;unico bus turistico a Barcellona con questo servizio, rendendo l&#8217;esplorazione della citt\u00e0 ancora pi\u00f9 piacevole e informativa.<\/p>\n\n\n\n<h3 class=\"wp-block-heading\">Sconti e altri vantaggi<\/h3>\n\n\n\n<p>All&#8217;imbarco riceverai anche una mappa della citt\u00e0 e una guida in pi\u00f9 lingue, oltre a un libretto di buoni sconto per le attrazioni pi\u00f9 famose di Barcellona. Per usufruire della maggior parte degli sconti, basta mostrare il biglietto del Barcelona Bus Tur\u00edstic alla biglietteria dell&#8217;attrazione. Questi includono:<\/p>\n\n\n\n<ul class=\"wp-block-list\">\n<li>L&#8217;attrazione preferita dai bambini: <strong>l&#8217;Acquario di Barcellona<\/strong><\/li>\n\n\n\n<li>Il centro commerciale outlet di Barcellona: <strong>La Roca Village<\/strong><\/li>\n\n\n\n<li>I musei di Barcellona: <strong>Museo Moco, Teatro-Museo Dal\u00ed, Poble Espanyol<\/strong><\/li>\n\n\n\n<li>Monumento a Colombo a Barcellona: <strong>Mirador de Colom<\/strong><\/li>\n\n\n\n<li>Tour ed escursioni a Barcellona: <strong>Tour a piedi di Barcellona, Costa Brava (Tossa de Mar, Easy Montserrat, Premium Montserrat)<\/strong><\/li>\n\n\n\n<li>Funicolare: <strong>Funivia di Montju\u00efc<\/strong><\/li>\n<\/ul>\n\n\n\n<p>Il bus hop-on hop-off offre anche una guida audio gratuita in sedici lingue, con un set di cuffie individuali, nonch\u00e9 servizi per persone con mobilit\u00e0 ridotta o difficolt\u00e0 uditive.<\/p>\n\n\n\n<p>Gli autobus sono dotati di Wi-Fi gratuito, cos\u00ec potrai aggiornare i social media o controllare la posta elettronica tra una fermata e l&#8217;altra.<\/p>\n","protected":false},"excerpt":{"rendered":"","protected":false},"author":1,"featured_media":0,"parent":0,"menu_order":3,"comment_status":"closed","ping_status":"closed","template":"","meta":{"_acf_changed":false,"footnotes":"","button_url":"https:\/\/www.tiqets.com\/it\/barcelona-attractions-c66342\/tickets-for-hop-on-hop-off-bus-barcelona-p974325\/?partner=hoponhopoffbusbarcelona","ms_product_id":"","ms_product_name":"","ms_price":"","ms_currency":"","ms_rating_value":"","ms_review_count":"","rank_math_title":"Benefici del Bus Turistico di Barcellona \u2013 ne vale la pena?","rank_math_description":"Scopri tutti i benefici dell\u2019Autobus Hop On Hop Off di Barcelona, compresi il suo sistema di ticket flessibile e gli sconti sulle principali attrazioni di Barcellona."},"post-style":[],"producer":[],"class_list":["post-8","page","type-page","status-publish","has-post-thumbnail"],"acf":[],"product_schema":{"ms_product_id":"","ms_product_name":"","ms_price":"","ms_currency":"","ms_rating_value":"","ms_review_count":""},"_links":{"self":[{"href":"https:\/\/www.hoponhopoffbarcelona.org\/it\/wp-json\/wp\/v2\/pages\/8","targetHints":{"allow":["GET"]}}],"collection":[{"href":"https:\/\/www.hoponhopoffbarcelona.org\/it\/wp-json\/wp\/v2\/pages"}],"about":[{"href":"https:\/\/www.hoponhopoffbarcelona.org\/it\/wp-json\/wp\/v2\/types\/page"}],"author":[{"embeddable":true,"href":"https:\/\/www.hoponhopoffbarcelona.org\/it\/wp-json\/wp\/v2\/users\/1"}],"replies":[{"embeddable":true,"href":"https:\/\/www.hoponhopoffbarcelona.org\/it\/wp-json\/wp\/v2\/comments?post=8"}],"version-history":[{"count":3,"href":"https:\/\/www.hoponhopoffbarcelona.org\/it\/wp-json\/wp\/v2\/pages\/8\/revisions"}],"predecessor-version":[{"id":851,"href":"https:\/\/www.hoponhopoffbarcelona.org\/it\/wp-json\/wp\/v2\/pages\/8\/revisions\/851"}],"wp:attachment":[{"href":"https:\/\/www.hoponhopoffbarcelona.org\/it\/wp-json\/wp\/v2\/media?parent=8"}],"wp:term":[{"taxonomy":"post-style","embeddable":true,"href":"https:\/\/www.hoponhopoffbarcelona.org\/it\/wp-json\/wp\/v2\/post-style?post=8"},{"taxonomy":"producer","embeddable":true,"href":"https:\/\/www.hoponhopoffbarcelona.org\/it\/wp-json\/wp\/v2\/producer?post=8"}],"curies":[{"name":"wp","href":"https:\/\/api.w.org\/{rel}","templated":true}]}}