{"id":6,"date":"2015-01-23T15:47:55","date_gmt":"2015-01-23T14:47:55","guid":{"rendered":"https:\/\/www.hoponhopoffbarcelona.org\/?page_id=6"},"modified":"2026-01-21T21:22:43","modified_gmt":"2026-01-21T20:22:43","slug":"home","status":"publish","type":"page","link":"https:\/\/www.hoponhopoffbarcelona.org\/it\/","title":{"rendered":"Hop On Hop Off Barcelona"},"content":{"rendered":"\n<figure class=\"gb-block-image gb-block-image-d74688e3\"><img decoding=\"async\" width=\"1200\" height=\"560\" class=\"gb-image gb-image-d74688e3\" src=\"https:\/\/www.hoponhopoffbarcelona.org\/it\/wp-content\/uploads\/sites\/8\/home-banner-1725505447.jpg\" alt=\"Hop On Hop Off Barcelona\"\/><\/figure>\n\n\n\n<h1 class=\"gb-headline gb-headline-50499ac1 gb-headline-text\">Hop On Hop Off Barcelona<br><strong><mark style=\"background-color:rgba(0, 0, 0, 0)\" class=\"has-inline-color has-ms-color-neutral-color\">Il Bus Turistico Ufficiale di Barcellona<\/mark><\/strong><\/h1>\n\n\n\n<p class=\"gb-headline gb-headline-344a99ab gb-headline-text ms-text-muted\">Scopri Barcellona al tuo ritmo e nel tuo tempo con il Bus Hop On Hop Off. I due percorsi ti porteranno a tutti i monumenti pi\u00f9 importanti e alle principali attrazioni della citt\u00e0. Sali e scendi tutte le volte che vuoi con un unico biglietto. Esplorare Barcellona non \u00e8 mai stato pi\u00f9 facile!<\/p>\n\n\n<div class=\"gb-container gb-container-1e1905d6 gb-tabs\" role=\"tablist\" data-opened-tab=\"1\">\n<div class=\"gb-container gb-container-c0d25ee5 gb-tabs__buttons\" role=\"list\">\n\n<button class=\"gb-button gb-button-38b6d7d4 gb-button-text gb-tabs__button gb-block-is-current\" id=\"gb-tab-button-38b6d7d4\" role=\"tab\">Benefici<\/button>\n\n\n\n<button class=\"gb-button gb-button-c40a7253 gb-button-text gb-tabs__button\" id=\"gb-tab-button-c40a7253\" role=\"tab\">Cosa \u00e8<\/button>\n\n\n\n<button class=\"gb-button gb-button-74fda591 gb-button-text gb-tabs__button\" id=\"gb-tab-button-74fda591\" role=\"tab\">Dove acquistare<\/button>\n\n\n\n<button class=\"gb-button gb-button-06aa90f0 gb-button-text gb-tabs__button\" id=\"gb-tab-button-06aa90f0\" role=\"tab\">Come utilizzarlo<\/button>\n\n<\/div>\n\n<div class=\"gb-container gb-container-8fcce89b gb-tabs__items\">\n<div class=\"gb-container gb-container-2e268732 gb-tabs__item gb-tabs__item-open\" id=\"gb-tab-item-2e268732\" role=\"tabpanel\">\n<div class=\"gb-grid-wrapper gb-grid-wrapper-5a2755a2\">\n<div class=\"gb-grid-column gb-grid-column-7b30ecf3\"><div class=\"gb-container gb-container-7b30ecf3\">\n\n<h5 class=\"gb-headline gb-headline-aab30985\"><span class=\"gb-icon\"><svg viewBox=\"0 0 256 256\" fill=\"#000000\" height=\"32\" width=\"32\" xmlns=\"http:\/\/www.w3.org\/2000\/svg\"><path d=\"M232.49,80.49l-128,128a12,12,0,0,1-17,0l-56-56a12,12,0,1,1,17-17L96,183,215.51,63.51a12,12,0,0,1,17,17Z\"><\/path><\/svg><\/span><span class=\"gb-headline-text\"><strong>&nbsp;Scopri Barcellona<\/strong><\/span><\/h5>\n\n\n\n<p>Due percorsi accuratamente pianificati ti porteranno a tutte le principali attrazioni di Barcellona.<\/p>\n\n<\/div><\/div>\n\n<div class=\"gb-grid-column gb-grid-column-f4bfa1ee\"><div class=\"gb-container gb-container-f4bfa1ee\">\n\n<h5 class=\"gb-headline gb-headline-830496a8\"><span class=\"gb-icon\"><svg viewBox=\"0 0 256 256\" fill=\"#000000\" height=\"32\" width=\"32\" xmlns=\"http:\/\/www.w3.org\/2000\/svg\"><path d=\"M232.49,80.49l-128,128a12,12,0,0,1-17,0l-56-56a12,12,0,1,1,17-17L96,183,215.51,63.51a12,12,0,0,1,17,17Z\"><\/path><\/svg><\/span><span class=\"gb-headline-text\"><strong>Al tuo ritmo<\/strong><\/span><\/h5>\n\n\n\n<p>Sali e scendi dall&#8217;autobus tutte le volte che vuoi con un singolo biglietto.<\/p>\n\n<\/div><\/div>\n\n<div class=\"gb-grid-column gb-grid-column-e1290d15\"><div class=\"gb-container gb-container-e1290d15\">\n\n<h5 class=\"gb-headline gb-headline-84031441\"><span class=\"gb-icon\"><svg viewBox=\"0 0 256 256\" fill=\"#000000\" height=\"32\" width=\"32\" xmlns=\"http:\/\/www.w3.org\/2000\/svg\"><path d=\"M232.49,80.49l-128,128a12,12,0,0,1-17,0l-56-56a12,12,0,1,1,17-17L96,183,215.51,63.51a12,12,0,0,1,17,17Z\"><\/path><\/svg><\/span><span class=\"gb-headline-text\"><strong>Risparmia tempo e denaro<\/strong><\/span><\/h5>\n\n\n\n<p>Il bus turistico \u00e8 pi\u00f9 economico dei taxi e pi\u00f9 veloce del trasporto pubblico.<\/p>\n\n<\/div><\/div>\n\n<div class=\"gb-grid-column gb-grid-column-73ba5511\"><div class=\"gb-container gb-container-73ba5511\">\n\n<h5 class=\"gb-headline gb-headline-463329e9\"><span class=\"gb-icon\"><svg viewBox=\"0 0 256 256\" fill=\"#000000\" height=\"32\" width=\"32\" xmlns=\"http:\/\/www.w3.org\/2000\/svg\"><path d=\"M232.49,80.49l-128,128a12,12,0,0,1-17,0l-56-56a12,12,0,1,1,17-17L96,183,215.51,63.51a12,12,0,0,1,17,17Z\"><\/path><\/svg><\/span><span class=\"gb-headline-text\"><strong>&nbsp;Audioguida gratuita<\/strong><\/span><\/h5>\n\n\n\n<p>Impara di pi\u00f9 su Barcellona con l&#8217;audioguida gratuita (disponibile in 16 lingue).<\/p>\n\n<\/div><\/div>\n\n<div class=\"gb-grid-column gb-grid-column-d4a9a58a\"><div class=\"gb-container gb-container-d4a9a58a\">\n\n<h5 class=\"gb-headline gb-headline-e07a341b\"><span class=\"gb-icon\"><svg viewBox=\"0 0 256 256\" fill=\"#000000\" height=\"32\" width=\"32\" xmlns=\"http:\/\/www.w3.org\/2000\/svg\"><path d=\"M232.49,80.49l-128,128a12,12,0,0,1-17,0l-56-56a12,12,0,1,1,17-17L96,183,215.51,63.51a12,12,0,0,1,17,17Z\"><\/path><\/svg><\/span><span class=\"gb-headline-text\"><strong>Buoni sconto gratuiti<\/strong><\/span><\/h5>\n\n\n\n<p>Approfitta di sconti del 10-20% su tutti i tipi di musei, attrazioni e molte attivit\u00e0 in citt\u00e0.<\/p>\n\n<\/div><\/div>\n\n<div class=\"gb-grid-column gb-grid-column-959ad4ed\"><div class=\"gb-container gb-container-959ad4ed\">\n\n<h5 class=\"gb-headline gb-headline-d7119db5\"><span class=\"gb-icon\"><svg viewBox=\"0 0 256 256\" fill=\"#000000\" height=\"32\" width=\"32\" xmlns=\"http:\/\/www.w3.org\/2000\/svg\"><path d=\"M232.49,80.49l-128,128a12,12,0,0,1-17,0l-56-56a12,12,0,1,1,17-17L96,183,215.51,63.51a12,12,0,0,1,17,17Z\"><\/path><\/svg><\/span><span class=\"gb-headline-text\"><strong>App Gratuita<\/strong><\/span><\/h5>\n\n\n\n<p>Scarica l&#8217;app esclusiva che include tutti i percorsi del bus, le fermate e i punti di interesse.<\/p>\n\n<\/div><\/div>\n<\/div>\n\n<div class=\"gb-container gb-container-0b267d59 ms-alert--primary ms-p-sm\">\n\n<p class=\"gb-headline gb-headline-73be157b gb-headline-text\">Acquista online i tuoi biglietti del Bus Hop On Hop Off per <strong>saltare le code<\/strong> in biglietteria. I voucher sono validi per 90 giorni.<\/p>\n\n<\/div>\n<\/div>\n\n<div class=\"gb-container gb-container-3bccd8b9 gb-tabs__item\" id=\"gb-tab-item-3bccd8b9\" role=\"tabpanel\">\n\n<p>Hop-on Hop-off Barcelona \u00e8 il <strong>bus turistico ufficiale<\/strong> della citt\u00e0, che offre <strong>due percorsi essenziali<\/strong> che coprono tutta la citt\u00e0. Con un <strong>unico biglietto<\/strong>, puoi esplorare il meglio di Barcellona.<\/p>\n\n\n\n<p>\u00c8 il modo <strong>pi\u00f9 semplice<\/strong> e <strong>pi\u00f9 sicuro<\/strong> per muoversi in citt\u00e0 e vedere tutte le sue meraviglie.<\/p>\n\n\n\n<p>Hai solo un giorno a Barcellona? Sali sul bus per un tour indimenticabile. Vedrai attrazioni principali come la Sagrada Fam\u00edlia, Park G\u00fcell, La Pedrera, <a href=\"https:\/\/www.visitcampnou.com\/it\/\" rel=\"noopener\">Camp Nou<\/a>, La Rambla e Montju\u00efc.<\/p>\n\n\n\n<p>Hai pi\u00f9 tempo? Prendi un biglietto di 2 giorni ed esplora la citt\u00e0 a tuo piacimento. Sali e scendi dall&#8217;autobus tutte le volte che vuoi e utilizza i <strong>buoni sconto gratuiti<\/strong> per le migliori attrazioni di Barcellona.<\/p>\n\n\n\n<p>Barcellona ha centinaia di luoghi incredibili da vedere, e il bus turistico ti permette di ammirarli tutti dalla comodit\u00e0 di un elegante bus a due piani con viste panoramiche.<\/p>\n\n<\/div>\n\n<div class=\"gb-container gb-container-e88e38bd gb-tabs__item\" id=\"gb-tab-item-e88e38bd\" role=\"tabpanel\">\n\n<p>I biglietti per il bus Hop On Hop Off sono disponibili online <a href=\"https:\/\/www.tiqets.com\/it\/barcelona-attractions-c66342\/tickets-for-hop-on-hop-off-bus-barcelona-p974325\/?partner=hoponhopoffbusbarcelona\" rel=\"nofollow noopener\">su questo sito<\/a>, negli uffici turistici di Barcellona o direttamente sui bus, se ci sono posti disponibili.<\/p>\n\n\n<div class=\"gb-container gb-container-77df3489 ms-alert--primary ms-p-sm ms-mb-block\">\n\n<p class=\"gb-headline gb-headline-c66b270f gb-headline-text\">Se acquisti i biglietti online, <strong>eviterai le code<\/strong> a Barcellona.<\/p>\n\n<\/div>\n\n\n<p>Per acquistare i biglietti, utilizza semplicemente il modulo di prenotazione sulla destra. Dopo aver completato l&#8217;acquisto, riceverai i voucher via email.<\/p>\n\n\n\n<p>I biglietti sono disponibili per uno o due giorni di calendario. A partire da soli 33 \u20ac al giorno per gli adulti, il biglietto da 2 giorni offre il miglior rapporto qualit\u00e0-prezzo a soli 44 \u20ac.<\/p>\n\n\n\n<p>Quando arriverai a Barcellona, potrai scambiare i voucher con i biglietti dell&#8217;autobus direttamente sul bus, negli uffici turistici in citt\u00e0 o in aeroporto.<\/p>\n\n\n\n<p>Le prenotazioni sono valide per 180 giorni di calendario dalla data di acquisto. Acquista subito i tuoi biglietti per saltare le code quando arrivi a Barcellona.<\/p>\n\n<\/div>\n\n<div class=\"gb-container gb-container-1048bf5d gb-tabs__item\" id=\"gb-tab-item-1048bf5d\" role=\"tabpanel\">\n\n<p>Dopo aver acquistato il tuo pass per uno o due giorni tramite il sicuro modulo di prenotazione sulla destra, riceverai un voucher via email. Stampa questo voucher e portalo con te a Barcellona.<\/p>\n\n\n\n<p>Una volta arrivato, scambia semplicemente il voucher con un biglietto direttamente sull&#8217;autobus o in uno dei tanti uffici turistici.<\/p>\n\n\n<div class=\"gb-container gb-container-9e7bac80 ms-alert--primary ms-p-sm ms-mb-block\">\n\n<p class=\"gb-headline gb-headline-1b3ae400 gb-headline-text\">Il biglietto ti permette di salire e scendere dall&#8217;autobus tutte le volte che desideri per tutta la sua validit\u00e0.<\/p>\n\n<\/div>\n\n\n<p>Vedi qualcosa di interessante che vuoi esplorare? Scendi dall&#8217;autobus e dai un&#8217;occhiata. Quando sei pronto, sali sul prossimo autobus o passa a un percorso diverso.<\/p>\n\n\n\n<p>I due percorsi essenziali coprono tutti i punti principali, cos\u00ec non dovrai preoccuparti di costi extra per il trasporto o di limitarti alle attrazioni vicine al tuo hotel.<\/p>\n\n<\/div>\n<\/div>\n<\/div>","protected":false},"excerpt":{"rendered":"","protected":false},"author":1,"featured_media":0,"parent":0,"menu_order":2,"comment_status":"closed","ping_status":"closed","template":"","meta":{"_acf_changed":false,"footnotes":""},"post-style":[],"producer":[],"class_list":["post-6","page","type-page","status-publish"],"acf":[],"_links":{"self":[{"href":"https:\/\/www.hoponhopoffbarcelona.org\/it\/wp-json\/wp\/v2\/pages\/6","targetHints":{"allow":["GET"]}}],"collection":[{"href":"https:\/\/www.hoponhopoffbarcelona.org\/it\/wp-json\/wp\/v2\/pages"}],"about":[{"href":"https:\/\/www.hoponhopoffbarcelona.org\/it\/wp-json\/wp\/v2\/types\/page"}],"author":[{"embeddable":true,"href":"https:\/\/www.hoponhopoffbarcelona.org\/it\/wp-json\/wp\/v2\/users\/1"}],"replies":[{"embeddable":true,"href":"https:\/\/www.hoponhopoffbarcelona.org\/it\/wp-json\/wp\/v2\/comments?post=6"}],"version-history":[{"count":3,"href":"https:\/\/www.hoponhopoffbarcelona.org\/it\/wp-json\/wp\/v2\/pages\/6\/revisions"}],"predecessor-version":[{"id":850,"href":"https:\/\/www.hoponhopoffbarcelona.org\/it\/wp-json\/wp\/v2\/pages\/6\/revisions\/850"}],"wp:attachment":[{"href":"https:\/\/www.hoponhopoffbarcelona.org\/it\/wp-json\/wp\/v2\/media?parent=6"}],"wp:term":[{"taxonomy":"post-style","embeddable":true,"href":"https:\/\/www.hoponhopoffbarcelona.org\/it\/wp-json\/wp\/v2\/post-style?post=6"},{"taxonomy":"producer","embeddable":true,"href":"https:\/\/www.hoponhopoffbarcelona.org\/it\/wp-json\/wp\/v2\/producer?post=6"}],"curies":[{"name":"wp","href":"https:\/\/api.w.org\/{rel}","templated":true}]}}