{"id":9,"date":"2015-02-04T16:29:50","date_gmt":"2015-02-04T15:29:50","guid":{"rendered":"https:\/\/www.hoponhopoffbarcelona.org\/?page_id=9"},"modified":"2026-01-21T21:11:58","modified_gmt":"2026-01-21T20:11:58","slug":"itineraire","status":"publish","type":"page","link":"https:\/\/www.hoponhopoffbarcelona.org\/fr\/itineraire\/","title":{"rendered":"Carte et Itin\u00e9raire"},"content":{"rendered":"<div class=\"gb-container gb-container-3314b98c ms-alert--contrast\">\n<div class=\"gb-container gb-container-2e1ac995 ms-gp-grid-container ms-gp-site-content ms-notification-bar ms-mb-block\">\n\n<p class=\"gb-headline gb-headline-4fc8a898 ms-mb-0 ms-text-sm ms-notification-bar__headline\"><span class=\"gb-icon\"><svg viewBox=\"0 0 256 256\" fill=\"#000000\" height=\"32\" width=\"32\" xmlns=\"http:\/\/www.w3.org\/2000\/svg\"><path d=\"M108,84a16,16,0,1,1,16,16A16,16,0,0,1,108,84Zm128,44A108,108,0,1,1,128,20,108.12,108.12,0,0,1,236,128Zm-24,0a84,84,0,1,0-84,84A84.09,84.09,0,0,0,212,128Zm-72,36.68V132a20,20,0,0,0-20-20,12,12,0,0,0-4,23.32V168a20,20,0,0,0,20,20,12,12,0,0,0,4-23.32Z\"><\/path><\/svg><\/span><span class=\"gb-headline-text\"><strong>Remarque importante :<\/strong> les arr\u00eats Torre Gl\u00f2ries \u2013 22@ et Pl. Catalunya sur la ligne rouge sont temporairement indisponibles. Arr\u00eat alternatif au 160, rue Badajoz.<\/span><\/p>\n\n<\/div>\n<\/div>\n\n\n<p>Le Bus Hop On Hop Off propose deux itin\u00e9raires au choix : <a href=\"#bleu\" data-type=\"internal\" data-id=\"#bleu\">Itin\u00e9raire Bleu<\/a> &#8211; <a href=\"#rouge\" data-type=\"internal\" data-id=\"#rouge\">Itin\u00e9raire Rouge<\/a><\/p>\n\n\n\n<figure class=\"gb-block-image gb-block-image-8f0db128\"><a href=\"https:\/\/www.hoponhopoffbarcelona.org\/wp-content\/uploads\/routes-hop-on-hop-off-barcelona.pdf\" target=\"_blank\" rel=\"noopener noreferrer\"><img decoding=\"async\" class=\"gb-image gb-image-8f0db128\" src=\"https:\/\/www.hoponhopoffbarcelona.org\/wp-content\/uploads\/hoho-barcelona-route-1769015949.jpg\" alt=\"\" title=\"hoho-barcelona-route-1769015949\"\/><\/a><\/figure>\n\n\n<div class=\"gb-container gb-container-68feca00 ms-p-sm ms-alert--contrast ms-mb-block\">\n\n<p class=\"gb-headline gb-headline-af9c9a22 gb-headline-text alert alert-warning\">T\u00e9l\u00e9chargez la carte des itin\u00e9raires du Hop On Hop Off&nbsp;<a href=\"https:\/\/www.hoponhopoffbarcelona.org\/wp-content\/uploads\/routes-hop-on-hop-off-barcelona.pdf\">ici<\/a>&nbsp;(PDF).<\/p>\n\n<\/div>\n\n\n<p>Les lignes bleue et rouge fonctionnent toute l&rsquo;ann\u00e9e de 9 h \u00e0 18 h (sauf le 1er janvier et le 25 d\u00e9cembre) et le trajet dure environ 2 heures. Le dernier d\u00e9part est \u00e0 18 h depuis les arr\u00eats Casa Batll\u00f3 &#8211; Museu T\u00e0pies des deux lignes.<\/p>\n\n\n\n<p>Chaque itin\u00e9raire vous permet de monter et descendre du Bus Turist\u00edc \u00e0 autant d&rsquo;arr\u00eats que vous le souhaitez et de rester aussi longtemps que vous le voulez. Il suffit de remonter dans le prochain bus qui arrive.<\/p>\n\n\n\n<p>Vous pouvez m\u00eame changer d&rsquo;itin\u00e9raire \u00e0 l&rsquo;un des arr\u00eats o\u00f9 ils font correspondance, vous pourrez ainsi cr\u00e9er votre propre parcours personnalis\u00e9. Il y a <strong>38 arr\u00eats et 3 points<\/strong> <strong>de correspondance au total<\/strong>, tous accessibles avec un seul billet.<\/p>\n\n\n\n<h3 class=\"wp-block-heading\" id=\"bleu\">L\u2019Itin\u00e9raire Bleu<\/h3>\n\n\n<div class=\"gb-container gb-container-ac3744ee\">\n\n<p>La ligne bleue compte <strong>14 arr\u00eats<\/strong> au total, qui donnent un aper\u00e7u sur certains des plus importants sites culturels de Barcelone, allant de la Sagrada Familia au stade du Futbol Club Barcelona.<\/p>\n\n<\/div>\n\n\n<p>M\u00eame si vous pouvez choisir de rester dans le bus et d&rsquo;avoir une vue d&rsquo;ensemble des lieux, nous vous recommandons vivement de descendre et d&rsquo;explorer chaque arr\u00eat, car la plupart de ces lieux permettent aux visiteurs d&rsquo;avoir un regard unique sur la culture et l&rsquo;architecture de Barcelone.<\/p>\n\n\n\n<p class=\"gb-text-77912500\"><span class=\"gb-shape\"><svg viewBox=\"0 0 256 256\" fill=\"#000000\" height=\"32\" width=\"32\" xmlns=\"http:\/\/www.w3.org\/2000\/svg\"><path d=\"M128,20A108,108,0,1,0,236,128,108.12,108.12,0,0,0,128,20Zm0,192a84,84,0,1,1,84-84A84.09,84.09,0,0,1,128,212Zm68-84a12,12,0,0,1-12,12H128a12,12,0,0,1-12-12V72a12,12,0,0,1,24,0v44h44A12,12,0,0,1,196,128Z\"><\/path><\/svg><\/span><span class=\"gb-text\"><strong>Dur\u00e9e totale : <\/strong><\/span><\/p>\n\n\n\n<p>Environ deux heures, selon le temps que vous passez \u00e0 chaque arr\u00eat.<\/p>\n\n\n\n<p class=\"gb-text-7a1f9804\"><span class=\"gb-shape\"><svg viewBox=\"0 0 256 256\" fill=\"#000000\" height=\"32\" width=\"32\" xmlns=\"http:\/\/www.w3.org\/2000\/svg\"><path d=\"M128,60a44,44,0,1,0,44,44A44.05,44.05,0,0,0,128,60Zm0,64a20,20,0,1,1,20-20A20,20,0,0,1,128,124Zm0-112a92.1,92.1,0,0,0-92,92c0,77.36,81.64,135.4,85.12,137.83a12,12,0,0,0,13.76,0,259,259,0,0,0,42.18-39C205.15,170.57,220,136.37,220,104A92.1,92.1,0,0,0,128,12Zm31.3,174.71A249.35,249.35,0,0,1,128,216.89a249.35,249.35,0,0,1-31.3-30.18C80,167.37,60,137.31,60,104a68,68,0,0,1,136,0C196,137.31,176,167.37,159.3,186.71Z\"><\/path><\/svg><\/span><span class=\"gb-text\"><strong>Arr\u00eats : <\/strong><\/span><\/p>\n\n\n\n<p>l&rsquo;Itin\u00e9raire Bleu comprend quelques-uns des arr\u00eats les plus connus et appr\u00e9ci\u00e9s de Barcelone, notamment :<\/p>\n\n\n\n<ul class=\"wp-block-list\">\n<li><strong>Pla\u00e7a Catalunya<\/strong> \u2013 La place principale au c\u0153ur de Barcelone.<\/li>\n\n\n\n<li><strong>Casa Batll\u00f3<\/strong> \u2013 La c\u00e9l\u00e8bre maison de Gaud\u00ed inspir\u00e9e d&rsquo;un dragon. Son autre \u00e9difice Casa Mil\u00e1\/La Pedrera, se trouve \u00e0 seulement quelques pas.<\/li>\n\n\n\n<li><strong>Passeig de Gr\u00e0cia<\/strong> \u2013 La rue commer\u00e7ante haut de gamme de Barcelone.<\/li>\n\n\n\n<li><strong>Sant Pau Recinte Modernista<\/strong> \u2013 Un complexe de b\u00e2timents qui vous permettra d&rsquo;admirer la beaut\u00e9 des constructions et la richesse de leurs d\u00e9tails ornementaux.<\/li>\n\n\n\n<li><strong>Park Gu\u00ebll<\/strong> \u2013 Un parc unique, offrant des vues imprenables sur la ville.<\/li>\n\n\n\n<li><strong>Camp Nou<\/strong> \u2013 La maison du FC Barcelone.<\/li>\n\n\n\n<li><em>Et bien plus encore !<\/em><\/li>\n<\/ul>\n\n\n<div class=\"gb-container gb-container-50b8f7c4 ms-p-sm ms-alert--contrast ms-mb-block\">\n\n<p class=\"gb-headline gb-headline-651a7650 gb-headline-text alert alert-warning\">T\u00e9l\u00e9chargez la derni\u00e8re carte de la ligne bleue <a href=\"https:\/\/www.hoponhopoffbarcelona.org\/wp-content\/uploads\/blue-route-hop-on-hop-off-barcelona.pdf\" data-type=\"link\" data-id=\"https:\/\/www.hoponhopoffbarcelona.org\/wp-content\/uploads\/blue-route-hop-on-hop-off-barcelona.pdf\" target=\"_blank\" rel=\"noreferrer noopener\">ici<\/a> (PDF)<\/p>\n\n<\/div>\n\n\n<h3 class=\"wp-block-heading\" id=\"rouge\">L\u2019Itin\u00e9raire Rouge<\/h3>\n\n\n\n<p>L&rsquo;Itin\u00e9raire Rouge comprend un total de vingt arr\u00eats et est le plus complet de nos itin\u00e9raires, permettant aux visiteurs de voir autant de lieux que possible \u00e0 Barcelone.<\/p>\n\n\n\n<p>La plupart des arr\u00eats sur cet itin\u00e9raire sont interactifs, il est donc pr\u00e9f\u00e9rable de pr\u00e9voir un peu plus de temps pour votre visite au cas o\u00f9 vous voudriez vous attarder et avoir un meilleur aper\u00e7u d&rsquo;un des sites ou activit\u00e9s que vous trouverez sur cet itin\u00e9raire.<\/p>\n\n\n\n<p class=\"gb-text-b6ab3201\"><span class=\"gb-shape\"><svg viewBox=\"0 0 256 256\" fill=\"#000000\" height=\"32\" width=\"32\" xmlns=\"http:\/\/www.w3.org\/2000\/svg\"><path d=\"M128,20A108,108,0,1,0,236,128,108.12,108.12,0,0,0,128,20Zm0,192a84,84,0,1,1,84-84A84.09,84.09,0,0,1,128,212Zm68-84a12,12,0,0,1-12,12H128a12,12,0,0,1-12-12V72a12,12,0,0,1,24,0v44h44A12,12,0,0,1,196,128Z\"><\/path><\/svg><\/span><span class=\"gb-text\"><strong>Dur\u00e9e totale :<\/strong><\/span><\/p>\n\n\n\n<p>Environ deux heures, selon le temps que vous passez \u00e0 chaque arr\u00eat.<\/p>\n\n\n\n<p class=\"gb-text-2dbf85c8\"><span class=\"gb-shape\"><svg viewBox=\"0 0 256 256\" fill=\"#000000\" height=\"32\" width=\"32\" xmlns=\"http:\/\/www.w3.org\/2000\/svg\"><path d=\"M128,60a44,44,0,1,0,44,44A44.05,44.05,0,0,0,128,60Zm0,64a20,20,0,1,1,20-20A20,20,0,0,1,128,124Zm0-112a92.1,92.1,0,0,0-92,92c0,77.36,81.64,135.4,85.12,137.83a12,12,0,0,0,13.76,0,259,259,0,0,0,42.18-39C205.15,170.57,220,136.37,220,104A92.1,92.1,0,0,0,128,12Zm31.3,174.71A249.35,249.35,0,0,1,128,216.89a249.35,249.35,0,0,1-31.3-30.18C80,167.37,60,137.31,60,104a68,68,0,0,1,136,0C196,137.31,176,167.37,159.3,186.71Z\"><\/path><\/svg><\/span><span class=\"gb-text\"><strong>Arr\u00eats :<\/strong><\/span><\/p>\n\n\n\n<p>L&rsquo;Itin\u00e9raire Rouge comprend le plus d&rsquo;arr\u00eats, recoupant certains des meilleurs arr\u00eats de l&rsquo;Itin\u00e9raire Bleu, notamment :<\/p>\n\n\n\n<ul class=\"wp-block-list\">\n<li><strong>Quartier Gothique<\/strong> \u2013 Abritant la magnifique Cath\u00e9drale de Barcelone et la charmante Pla\u00e7a Reial.<\/li>\n\n\n\n<li><strong>Sagrada Fam\u00edlia<\/strong> \u2013 Une \u00e9glise avec une histoire aussi \u00e9pique que son design.<\/li>\n\n\n\n<li><strong>Port Olimp\u00edc<\/strong> \u2013 Avec ses nombreux bars de plage, lounges et restaurants.<\/li>\n\n\n\n<li><strong>Port Vell<\/strong> \u2013 Centre commercial juste au bout des Ramblas.<\/li>\n\n\n\n<li><strong>CaixaForum<\/strong> \u2013 Un centre culturel proposant expositions et \u00e9v\u00e9nements.<\/li>\n\n\n\n<li><strong>Montjuic<\/strong> \u2013 Profitez des vues spectaculaires depuis cette colline.<\/li>\n\n\n\n<li><strong>Poble Espanyol<\/strong> \u2013 Apprenez-en davantage sur les traditions espagnoles dans ce petit village.<\/li>\n\n\n\n<li><em>Et bien plus encore !<\/em><\/li>\n<\/ul>\n\n\n<div class=\"gb-container gb-container-d9873cda ms-p-sm ms-alert--contrast ms-mb-block\">\n\n<p class=\"gb-headline gb-headline-12301e01 gb-headline-text alert alert-warning\">T\u00e9l\u00e9chargez la derni\u00e8re carte de la ligne rouge <a href=\"https:\/\/www.hoponhopoffbarcelona.org\/wp-content\/uploads\/red-route-hop-on-hop-off-barcelona.pdf\" data-type=\"link\" data-id=\"https:\/\/www.hoponhopoffbarcelona.org\/wp-content\/uploads\/red-route-hop-on-hop-off-barcelona.pdf\" target=\"_blank\" rel=\"noreferrer noopener\">ici<\/a> (PDF)<\/p>\n\n<\/div>\n\n\n<p><\/p>\n","protected":false},"excerpt":{"rendered":"","protected":false},"author":1,"featured_media":0,"parent":0,"menu_order":4,"comment_status":"closed","ping_status":"closed","template":"","meta":{"_acf_changed":false,"footnotes":""},"post-style":[],"producer":[],"class_list":["post-9","page","type-page","status-publish"],"acf":[],"_links":{"self":[{"href":"https:\/\/www.hoponhopoffbarcelona.org\/fr\/wp-json\/wp\/v2\/pages\/9","targetHints":{"allow":["GET"]}}],"collection":[{"href":"https:\/\/www.hoponhopoffbarcelona.org\/fr\/wp-json\/wp\/v2\/pages"}],"about":[{"href":"https:\/\/www.hoponhopoffbarcelona.org\/fr\/wp-json\/wp\/v2\/types\/page"}],"author":[{"embeddable":true,"href":"https:\/\/www.hoponhopoffbarcelona.org\/fr\/wp-json\/wp\/v2\/users\/1"}],"replies":[{"embeddable":true,"href":"https:\/\/www.hoponhopoffbarcelona.org\/fr\/wp-json\/wp\/v2\/comments?post=9"}],"version-history":[{"count":3,"href":"https:\/\/www.hoponhopoffbarcelona.org\/fr\/wp-json\/wp\/v2\/pages\/9\/revisions"}],"predecessor-version":[{"id":939,"href":"https:\/\/www.hoponhopoffbarcelona.org\/fr\/wp-json\/wp\/v2\/pages\/9\/revisions\/939"}],"wp:attachment":[{"href":"https:\/\/www.hoponhopoffbarcelona.org\/fr\/wp-json\/wp\/v2\/media?parent=9"}],"wp:term":[{"taxonomy":"post-style","embeddable":true,"href":"https:\/\/www.hoponhopoffbarcelona.org\/fr\/wp-json\/wp\/v2\/post-style?post=9"},{"taxonomy":"producer","embeddable":true,"href":"https:\/\/www.hoponhopoffbarcelona.org\/fr\/wp-json\/wp\/v2\/producer?post=9"}],"curies":[{"name":"wp","href":"https:\/\/api.w.org\/{rel}","templated":true}]}}