{"id":8,"date":"2015-02-04T16:25:04","date_gmt":"2015-02-04T15:25:04","guid":{"rendered":"https:\/\/www.hoponhopoffbarcelona.org\/?page_id=8"},"modified":"2026-01-21T21:02:47","modified_gmt":"2026-01-21T20:02:47","slug":"avantages","status":"publish","type":"page","link":"https:\/\/www.hoponhopoffbarcelona.org\/fr\/avantages\/","title":{"rendered":"Avantages"},"content":{"rendered":"\n<p>Que vous cherchiez un moyen confortable de d\u00e9couvrir les sites les plus embl\u00e9matiques de Barcelone ou que vous vouliez voir tout ce qu&rsquo;offre la ville, le Bus Hop On Hop Off de Barcelone est la mani\u00e8re la plus simple et s\u00fbre de se d\u00e9placer.<\/p>\n\n\n\n<h3 class=\"wp-block-heading\">Une fa\u00e7on intelligente de voir Barcelone<\/h3>\n\n\n\n<p>Les autres tours op\u00e9rateurs exigent que vous suiviez un planning serr\u00e9. Vous devez monter dans le bus lorsqu&rsquo;ils vous le demandent et vous devez aller l\u00e0 o\u00f9 ils le veulent, quand ils le veulent. Et si vous souhaitiez passer plus de temps \u00e0 la Sagrada Familia que ce que votre tour vous permet ? C&rsquo;est exactement ce que le Bus Hop On Hop Off peut vous offrir.<\/p>\n\n\n<div class=\"gb-container gb-container-40b0d6fd ms-alert--primary ms-p-sm ms-mb-block\">\n\n<p class=\"gb-headline gb-headline-59b0cb5a gb-headline-text alert alert-info\">Vous choisissez quels sites vous souhaitez visiter, quand vous voulez les visiter, et combien de temps rester.<\/p>\n\n<\/div>\n\n\n<p>Le syst\u00e8me hop-on, hop-off vous permet de payer un tarif pour un jour entier ou deux jours de trajet, que vous parcouriez les deux itin\u00e9raires ou seulement les deux premiers arr\u00eats d&rsquo;un itin\u00e9raire.<\/p>\n\n\n\n<p>Le bus touristique vous donne le contr\u00f4le total de votre temps afin que vous puissiez exp\u00e9rimenter Barcelone comme vous le souhaitez.<\/p>\n\n\n\n<p>Nos bus \u00e0 imp\u00e9riale \u00e0 toit ouvert sont facilement rep\u00e9rables et fonctionnent de 9h00 \u00e0 18h00. Selon la saison, un nouveau bus passe toutes les 10 \u00e0 25 minutes.<\/p>\n\n\n\n<p>Chaque itin\u00e9raire dure environ deux heures. Mais le plus int\u00e9ressant avec le Bus Turist\u00edc est que vous pouvez passer autant de temps que vous voulez \u00e0 chaque arr\u00eat, sans devoir payer un nouveau tarif pour prendre le prochain bus. Il n&rsquo;y a vraiment pas plus simple !<\/p>\n\n\n\n<p>Et pour une exp\u00e9rience v\u00e9ritablement unique, les guides touristiques officiels \u00e0 bord vous offrent une attention personnalis\u00e9e. C&rsquo;est le seul bus touristique \u00e0 Barcelone proposant ce service, rendant l&rsquo;exploration de Barcelone encore plus agr\u00e9able et enrichissante.<\/p>\n\n\n\n<h3 class=\"wp-block-heading\">R\u00e9ductions et autres avantages<\/h3>\n\n\n\n<p>Vous recevrez \u00e9galement un plan de la ville et un guide en plusieurs langues lorsque vous monterez \u00e0 bord, ainsi qu&rsquo;un livret de bons de r\u00e9duction pour les attractions les plus populaires de Barcelone. Pour b\u00e9n\u00e9ficier de la plupart des r\u00e9ductions, il vous suffit de pr\u00e9senter votre billet Barcelona Bus Tur\u00edstic \u00e0 la billetterie de l&rsquo;attraction. Parmi celles-ci, on trouve :<\/p>\n\n\n\n<ul class=\"wp-block-list\">\n<li>L&rsquo;attraction pr\u00e9f\u00e9r\u00e9e des enfants : <strong>l&rsquo;aquarium de Barcelone<\/strong><\/li>\n\n\n\n<li>Le centre commercial outlet de Barcelone : <strong>La Roca Village<\/strong><\/li>\n\n\n\n<li>Les mus\u00e9es de Barcelone : <strong>Mus\u00e9e Moco, Th\u00e9\u00e2tre-Mus\u00e9e Dal\u00ed, Poble Espanyol<\/strong><\/li>\n\n\n\n<li>Monument \u00e0 Christophe Colomb \u00e0 Barcelone : <strong>Mirador de Colom<\/strong><\/li>\n\n\n\n<li>Visites et excursions \u00e0 Barcelone : <strong>Visites guid\u00e9es \u00e0 pied de Barcelone, Costa Brava (Tossa de Mar, Easy Montserrat, Premium Montserrat)<\/strong><\/li>\n\n\n\n<li>Funiculaire : <strong>Montju\u00efc Cable Car<\/strong><\/li>\n<\/ul>\n\n\n\n<p>Le bus hop-on hop-off offre \u00e9galement un <strong>audioguide gratuit<\/strong> en seize langues avec des \u00e9couteurs individuels, ainsi qu&rsquo;un \u00e9quipement adapt\u00e9 pour les personnes \u00e0 mobilit\u00e9 r\u00e9duite ou ayant des troubles auditifs.<\/p>\n\n\n\n<p>Les bus sont \u00e9quip\u00e9s du WiFi gratuit afin que vous puissiez mettre \u00e0 jour vos r\u00e9seaux sociaux ou v\u00e9rifier vos e-mails entre deux arr\u00eats.<\/p>\n","protected":false},"excerpt":{"rendered":"","protected":false},"author":1,"featured_media":0,"parent":0,"menu_order":3,"comment_status":"closed","ping_status":"closed","template":"","meta":{"_acf_changed":false,"footnotes":""},"post-style":[],"producer":[],"class_list":["post-8","page","type-page","status-publish"],"acf":[],"_links":{"self":[{"href":"https:\/\/www.hoponhopoffbarcelona.org\/fr\/wp-json\/wp\/v2\/pages\/8","targetHints":{"allow":["GET"]}}],"collection":[{"href":"https:\/\/www.hoponhopoffbarcelona.org\/fr\/wp-json\/wp\/v2\/pages"}],"about":[{"href":"https:\/\/www.hoponhopoffbarcelona.org\/fr\/wp-json\/wp\/v2\/types\/page"}],"author":[{"embeddable":true,"href":"https:\/\/www.hoponhopoffbarcelona.org\/fr\/wp-json\/wp\/v2\/users\/1"}],"replies":[{"embeddable":true,"href":"https:\/\/www.hoponhopoffbarcelona.org\/fr\/wp-json\/wp\/v2\/comments?post=8"}],"version-history":[{"count":3,"href":"https:\/\/www.hoponhopoffbarcelona.org\/fr\/wp-json\/wp\/v2\/pages\/8\/revisions"}],"predecessor-version":[{"id":854,"href":"https:\/\/www.hoponhopoffbarcelona.org\/fr\/wp-json\/wp\/v2\/pages\/8\/revisions\/854"}],"wp:attachment":[{"href":"https:\/\/www.hoponhopoffbarcelona.org\/fr\/wp-json\/wp\/v2\/media?parent=8"}],"wp:term":[{"taxonomy":"post-style","embeddable":true,"href":"https:\/\/www.hoponhopoffbarcelona.org\/fr\/wp-json\/wp\/v2\/post-style?post=8"},{"taxonomy":"producer","embeddable":true,"href":"https:\/\/www.hoponhopoffbarcelona.org\/fr\/wp-json\/wp\/v2\/producer?post=8"}],"curies":[{"name":"wp","href":"https:\/\/api.w.org\/{rel}","templated":true}]}}