{"id":640,"date":"2024-10-26T05:34:36","date_gmt":"2024-10-26T03:34:36","guid":{"rendered":"https:\/\/www.hoponhopoffbarcelona.org\/fr\/?page_id=640"},"modified":"2025-01-06T11:53:32","modified_gmt":"2025-01-06T10:53:32","slug":"contact","status":"publish","type":"page","link":"https:\/\/www.hoponhopoffbarcelona.org\/fr\/contact\/","title":{"rendered":"Contact"},"content":{"rendered":"\n<h3 class=\"wp-block-heading\">Renseignements sur les Billets<\/h3>\n\n\n\n<p>Pour toute question concernant les billets ou votre r\u00e9servation existante, veuillez contacter notre partenaire billetterie :<\/p>\n\n\n\n<ul class=\"wp-block-list\">\n<li>Email : info@ticketbar.eu<\/li>\n\n\n\n<li>T\u00e9l\u00e9phone : +44 2035142614<\/li>\n<\/ul>\n\n\n\n<hr class=\"wp-block-separator has-alpha-channel-opacity\"\/>\n\n\n\n<h3 class=\"wp-block-heading\">Informations aux Visiteurs<\/h3>\n\n\n\n<p>Pour des informations sur les visites, attractions, \u00e9v\u00e9nements culturels ou r\u00e9servations d&rsquo;h\u00f4tel, vous pouvez contacter l&rsquo;office de tourisme officiel de Barcelone : Turisme de Barcelona.<\/p>\n\n\n\n<ul class=\"wp-block-list\">\n<li>Email : info@barcelonaturisme.com<\/li>\n\n\n\n<li>T\u00e9l\u00e9phone : +34 932 853 832 (disponible tous les jours de 8h00 \u00e0 20h00)<\/li>\n<\/ul>\n\n\n\n<p>Si vous \u00eates d\u00e9j\u00e0 \u00e0 Barcelone, n&rsquo;h\u00e9sitez pas \u00e0 visiter l&rsquo;un de nos offices de tourisme officiels situ\u00e9s \u00e0 l&rsquo;a\u00e9roport ou dans la ville. Pour une liste compl\u00e8te des emplacements, cliquez sur <a href=\"https:\/\/www.barcelonaturisme.com\/wv3\/fr\/page\/38\/points-d-information-touristique.html\" target=\"_blank\" rel=\"noreferrer noopener nofollow\">ce lien<\/a>.<\/p>\n\n\n\n<hr class=\"wp-block-separator has-alpha-channel-opacity\"\/>\n\n\n\n<h3 class=\"wp-block-heading\">Support du Site Web<\/h3>\n\n\n\n<p>Pour toute question concernant notre site web, contactez-nous directement :<\/p>\n\n\n\n<ul class=\"wp-block-list\">\n<li>Email : info@moonshot.media<\/li>\n<\/ul>\n","protected":false},"excerpt":{"rendered":"","protected":false},"author":3,"featured_media":0,"parent":0,"menu_order":0,"comment_status":"closed","ping_status":"closed","template":"","meta":{"_acf_changed":false,"footnotes":""},"post-style":[],"producer":[],"class_list":["post-640","page","type-page","status-publish"],"acf":[],"_links":{"self":[{"href":"https:\/\/www.hoponhopoffbarcelona.org\/fr\/wp-json\/wp\/v2\/pages\/640","targetHints":{"allow":["GET"]}}],"collection":[{"href":"https:\/\/www.hoponhopoffbarcelona.org\/fr\/wp-json\/wp\/v2\/pages"}],"about":[{"href":"https:\/\/www.hoponhopoffbarcelona.org\/fr\/wp-json\/wp\/v2\/types\/page"}],"author":[{"embeddable":true,"href":"https:\/\/www.hoponhopoffbarcelona.org\/fr\/wp-json\/wp\/v2\/users\/3"}],"replies":[{"embeddable":true,"href":"https:\/\/www.hoponhopoffbarcelona.org\/fr\/wp-json\/wp\/v2\/comments?post=640"}],"version-history":[{"count":2,"href":"https:\/\/www.hoponhopoffbarcelona.org\/fr\/wp-json\/wp\/v2\/pages\/640\/revisions"}],"predecessor-version":[{"id":642,"href":"https:\/\/www.hoponhopoffbarcelona.org\/fr\/wp-json\/wp\/v2\/pages\/640\/revisions\/642"}],"wp:attachment":[{"href":"https:\/\/www.hoponhopoffbarcelona.org\/fr\/wp-json\/wp\/v2\/media?parent=640"}],"wp:term":[{"taxonomy":"post-style","embeddable":true,"href":"https:\/\/www.hoponhopoffbarcelona.org\/fr\/wp-json\/wp\/v2\/post-style?post=640"},{"taxonomy":"producer","embeddable":true,"href":"https:\/\/www.hoponhopoffbarcelona.org\/fr\/wp-json\/wp\/v2\/producer?post=640"}],"curies":[{"name":"wp","href":"https:\/\/api.w.org\/{rel}","templated":true}]}}