{"id":6,"date":"2015-01-23T15:47:55","date_gmt":"2015-01-23T14:47:55","guid":{"rendered":"https:\/\/www.hoponhopoffbarcelona.org\/?page_id=6"},"modified":"2026-01-21T20:59:15","modified_gmt":"2026-01-21T19:59:15","slug":"home","status":"publish","type":"page","link":"https:\/\/www.hoponhopoffbarcelona.org\/fr\/","title":{"rendered":"Hop On Hop Off Barcelona"},"content":{"rendered":"\n<figure class=\"gb-block-image gb-block-image-d74688e3\"><img decoding=\"async\" width=\"1200\" height=\"560\" class=\"gb-image gb-image-d74688e3\" src=\"https:\/\/www.hoponhopoffbarcelona.org\/fr\/wp-content\/uploads\/sites\/3\/home-banner-1725505447.jpg\" alt=\"Hop On Hop Off Barcelona\"\/><\/figure>\n\n\n\n<h1 class=\"gb-headline gb-headline-50499ac1 gb-headline-text\">Hop On Hop Off Barcelona<br><strong><mark style=\"background-color:rgba(0, 0, 0, 0)\" class=\"has-inline-color has-ms-color-neutral-color\">Le Bus Touristique Officiel de Barcelone<\/mark><\/strong><\/h1>\n\n\n\n<p class=\"gb-headline gb-headline-344a99ab gb-headline-text ms-text-muted\">D\u00e9couvrez Barcelone \u00e0 votre propre rythme avec le Bus Hop On Hop Off. Les deux itin\u00e9raires vous am\u00e8nent \u00e0 tous les sites embl\u00e9matiques et attractions de la ville. Montez et descendez autant que vous le voulez avec un seul ticket. Il n&rsquo;y a pas plus simple pour explorer Barcelone !<\/p>\n\n\n<div class=\"gb-container gb-container-1e1905d6 gb-tabs\" role=\"tablist\" data-opened-tab=\"1\">\n<div class=\"gb-container gb-container-c0d25ee5 gb-tabs__buttons\" role=\"list\">\n\n<button class=\"gb-button gb-button-38b6d7d4 gb-button-text gb-tabs__button gb-block-is-current\" id=\"gb-tab-button-38b6d7d4\" role=\"tab\">Avantages<\/button>\n\n\n\n<button class=\"gb-button gb-button-c40a7253 gb-button-text gb-tabs__button\" id=\"gb-tab-button-c40a7253\" role=\"tab\">Qu\u2019est-ce que c\u2019est ?<\/button>\n\n\n\n<button class=\"gb-button gb-button-74fda591 gb-button-text gb-tabs__button\" id=\"gb-tab-button-74fda591\" role=\"tab\">O\u00f9 acheter ?<\/button>\n\n\n\n<button class=\"gb-button gb-button-06aa90f0 gb-button-text gb-tabs__button\" id=\"gb-tab-button-06aa90f0\" role=\"tab\">Comment l\u2019utiliser ?<\/button>\n\n<\/div>\n\n<div class=\"gb-container gb-container-8fcce89b gb-tabs__items\">\n<div class=\"gb-container gb-container-2e268732 gb-tabs__item gb-tabs__item-open\" id=\"gb-tab-item-2e268732\" role=\"tabpanel\">\n<div class=\"gb-grid-wrapper gb-grid-wrapper-5a2755a2\">\n<div class=\"gb-grid-column gb-grid-column-7b30ecf3\"><div class=\"gb-container gb-container-7b30ecf3\">\n\n<h5 class=\"gb-headline gb-headline-aab30985\"><span class=\"gb-icon\"><svg viewBox=\"0 0 256 256\" fill=\"#000000\" height=\"32\" width=\"32\" xmlns=\"http:\/\/www.w3.org\/2000\/svg\"><path d=\"M232.49,80.49l-128,128a12,12,0,0,1-17,0l-56-56a12,12,0,1,1,17-17L96,183,215.51,63.51a12,12,0,0,1,17,17Z\"><\/path><\/svg><\/span><span class=\"gb-headline-text\"><strong>D\u00e9couvrez Barcelone<\/strong><\/span><\/h5>\n\n\n\n<p>Deux itin\u00e9raires minutieusement s\u00e9lectionn\u00e9s vous am\u00e8nent \u00e0 toutes les meilleures attractions touristiques de Barcelone.<\/p>\n\n<\/div><\/div>\n\n<div class=\"gb-grid-column gb-grid-column-f4bfa1ee\"><div class=\"gb-container gb-container-f4bfa1ee\">\n\n<h5 class=\"gb-headline gb-headline-830496a8\"><span class=\"gb-icon\"><svg viewBox=\"0 0 256 256\" fill=\"#000000\" height=\"32\" width=\"32\" xmlns=\"http:\/\/www.w3.org\/2000\/svg\"><path d=\"M232.49,80.49l-128,128a12,12,0,0,1-17,0l-56-56a12,12,0,1,1,17-17L96,183,215.51,63.51a12,12,0,0,1,17,17Z\"><\/path><\/svg><\/span><span class=\"gb-headline-text\"><strong>A votre propre rythme<\/strong><\/span><\/h5>\n\n\n\n<p>Montez et descendez du bus autant de fois que vous le voulez avec un seul ticket.<\/p>\n\n<\/div><\/div>\n\n<div class=\"gb-grid-column gb-grid-column-e1290d15\"><div class=\"gb-container gb-container-e1290d15\">\n\n<h5 class=\"gb-headline gb-headline-84031441\"><span class=\"gb-icon\"><svg viewBox=\"0 0 256 256\" fill=\"#000000\" height=\"32\" width=\"32\" xmlns=\"http:\/\/www.w3.org\/2000\/svg\"><path d=\"M232.49,80.49l-128,128a12,12,0,0,1-17,0l-56-56a12,12,0,1,1,17-17L96,183,215.51,63.51a12,12,0,0,1,17,17Z\"><\/path><\/svg><\/span><span class=\"gb-headline-text\"><strong>Economisez du temps et de l\u2019argent<\/strong><\/span><\/h5>\n\n\n\n<p>Le bus touristique est moins cher que le taxi et plus rapide que les transports en commun.<\/p>\n\n<\/div><\/div>\n\n<div class=\"gb-grid-column gb-grid-column-73ba5511\"><div class=\"gb-container gb-container-73ba5511\">\n\n<h5 class=\"gb-headline gb-headline-463329e9\"><span class=\"gb-icon\"><svg viewBox=\"0 0 256 256\" fill=\"#000000\" height=\"32\" width=\"32\" xmlns=\"http:\/\/www.w3.org\/2000\/svg\"><path d=\"M232.49,80.49l-128,128a12,12,0,0,1-17,0l-56-56a12,12,0,1,1,17-17L96,183,215.51,63.51a12,12,0,0,1,17,17Z\"><\/path><\/svg><\/span><span class=\"gb-headline-text\"><strong>Audioguide gratuit<\/strong><\/span><\/h5>\n\n\n\n<p>Apprenez-en davantage sur Barcelone avec l&rsquo;audioguide gratuit (disponible en 16 langues)<\/p>\n\n<\/div><\/div>\n\n<div class=\"gb-grid-column gb-grid-column-d4a9a58a\"><div class=\"gb-container gb-container-d4a9a58a\">\n\n<h5 class=\"gb-headline gb-headline-e07a341b\"><span class=\"gb-icon\"><svg viewBox=\"0 0 256 256\" fill=\"#000000\" height=\"32\" width=\"32\" xmlns=\"http:\/\/www.w3.org\/2000\/svg\"><path d=\"M232.49,80.49l-128,128a12,12,0,0,1-17,0l-56-56a12,12,0,1,1,17-17L96,183,215.51,63.51a12,12,0,0,1,17,17Z\"><\/path><\/svg><\/span><span class=\"gb-headline-text\"><strong>Coupons gratuits<\/strong><\/span><\/h5>\n\n\n\n<p>Profitez de r\u00e9ductions de 10 \u00e0 20 % sur tous les types de mus\u00e9es, attractions et nombreuses activit\u00e9s dans la ville.<\/p>\n\n<\/div><\/div>\n\n<div class=\"gb-grid-column gb-grid-column-959ad4ed\"><div class=\"gb-container gb-container-959ad4ed\">\n\n<h5 class=\"gb-headline gb-headline-d7119db5\"><span class=\"gb-icon\"><svg viewBox=\"0 0 256 256\" fill=\"#000000\" height=\"32\" width=\"32\" xmlns=\"http:\/\/www.w3.org\/2000\/svg\"><path d=\"M232.49,80.49l-128,128a12,12,0,0,1-17,0l-56-56a12,12,0,1,1,17-17L96,183,215.51,63.51a12,12,0,0,1,17,17Z\"><\/path><\/svg><\/span><span class=\"gb-headline-text\"><strong>Application gratuite<\/strong><\/span><\/h5>\n\n\n\n<p>T\u00e9l\u00e9chargez l&rsquo;application exclusive incluant les itin\u00e9raires et arr\u00eats du bus, ainsi que les points d&rsquo;int\u00e9r\u00eat.<\/p>\n\n<\/div><\/div>\n<\/div>\n\n<div class=\"gb-container gb-container-0b267d59 ms-alert--primary ms-p-sm\">\n\n<p class=\"gb-headline gb-headline-73be157b gb-headline-text\">Achetez vos tickets de bus Hop On Hop Off en ligne pour <strong>\u00e9viter les files d&rsquo;attente<\/strong> aux points de vente. Les coupons sont valides pendant 90 jours.<\/p>\n\n<\/div>\n<\/div>\n\n<div class=\"gb-container gb-container-3bccd8b9 gb-tabs__item\" id=\"gb-tab-item-3bccd8b9\" role=\"tabpanel\">\n\n<p>Hop-on Hop-off Barcelona est le <strong>bus touristique officiel<\/strong> de Barcelone, proposant <strong>deux itin\u00e9raires essentiels<\/strong> qui couvrent toute la ville. Avec un <strong>seul ticket<\/strong>, vous pouvez explorer le meilleur de Barcelone.<\/p>\n\n\n\n<p>C&rsquo;est la fa\u00e7on la plus <strong>simple<\/strong> et la plus <strong>s\u00fbre<\/strong> de se d\u00e9placer tout en d\u00e9couvrant toutes les attractions extraordinaires.<\/p>\n\n\n\n<p>Si vous s\u00e9journez seulement un jour \u00e0 Barcelone, montez dans le bus pour un tour inoubliable. Vous verrez les sites incontournables comme la Sagrada Fam\u00edlia, le Park G\u00fcell, La Pedrera, le <a href=\"https:\/\/www.visitcampnou.com\/fr\/\" rel=\"noopener\">Camp Nou<\/a>, La Rambla et Montju\u00efc.<\/p>\n\n\n\n<p>Si vous avez plus de temps, prenez un ticket de 2 jours et explorez la ville \u00e0 votre rythme. Montez et descendez du bus autant de fois que vous le souhaitez et utilisez les <strong>coupons gratuits<\/strong> pour recevoir des r\u00e9ductions aux meilleures attractions de Barcelone.<\/p>\n\n\n\n<p>Barcelone regorge de centaines de sites exceptionnels \u00e0 d\u00e9couvrir, et le bus touristique vous permet de voir tous ces sites depuis le confort d&rsquo;un bus \u00e0 imp\u00e9riale moderne et propre offrant des vues panoramiques.<\/p>\n\n<\/div>\n\n<div class=\"gb-container gb-container-e88e38bd gb-tabs__item\" id=\"gb-tab-item-e88e38bd\" role=\"tabpanel\">\n\n<p>Les tickets pour le bus Hop On Hop Off sont disponibles <a href=\"https:\/\/www.tiqets.com\/fr\/barcelona-attractions-c66342\/tickets-for-hop-on-hop-off-bus-barcelona-p974325\/?partner=hoponhopoffbusbarcelona\" rel=\"nofollow noopener\">en ligne sur ce site Internet<\/a>, dans les offices de tourisme de Barcelone, ou directement \u00e0 bord des bus selon les places disponibles.<\/p>\n\n\n<div class=\"gb-container gb-container-77df3489 ms-alert--primary ms-p-sm ms-mb-block\">\n\n<p class=\"gb-headline gb-headline-c66b270f gb-headline-text\">Si vous achetez vos tickets en ligne, vous <strong>\u00e9viterez les files d&rsquo;attente<\/strong> \u00e0 Barcelone.<\/p>\n\n<\/div>\n\n\n<p>Utilisez le module de r\u00e9servation \u00e0 droite pour acheter vos tickets. Apr\u00e8s avoir termin\u00e9 votre achat, vous recevrez vos coupons par e-mail.<\/p>\n\n\n\n<p>Les tickets sont disponibles pour un ou deux jours calendaires. \u00c0 partir de seulement 33 \u20ac par jour pour les adultes, le billet 2 jours offre le meilleur rapport qualit\u00e9-prix \u00e0 seulement 44 \u20ac.<\/p>\n\n\n\n<p>Lorsque vous arrivez \u00e0 Barcelone, vous pouvez \u00e9changer vos coupons pour des tickets de bus directement dans le bus, dans les offices de tourisme de la ville ou \u00e0 l&rsquo;a\u00e9roport.<\/p>\n\n\n\n<p>Les r\u00e9servations sont valables pendant 180 jours calendaires \u00e0 compter de la date d&rsquo;achat. Achetez vos billets d\u00e8s maintenant pour \u00e9viter les files d&rsquo;attente \u00e0 votre arriv\u00e9e \u00e0 Barcelone.<\/p>\n\n<\/div>\n\n<div class=\"gb-container gb-container-1048bf5d gb-tabs__item\" id=\"gb-tab-item-1048bf5d\" role=\"tabpanel\">\n\n<p>Apr\u00e8s avoir achet\u00e9 votre ticket d&rsquo;un ou deux jours via le module de r\u00e9servation s\u00e9curis\u00e9 \u00e0 droite, vous recevrez un coupon par e-mail. Imprimez ce coupon et apportez-le avec vous \u00e0 Barcelone.<\/p>\n\n\n\n<p>Lorsque vous montez dans le bus pour la premi\u00e8re fois, pr\u00e9sentez votre billet sur votre smartphone au repr\u00e9sentant de Barcelona Turisme. Il le scannera et vous remettra un billet papier que vous pourrez utiliser pour tous vos trajets pendant la p\u00e9riode de validit\u00e9 de votre pass.<\/p>\n\n\n<div class=\"gb-container gb-container-9e7bac80 ms-alert--primary ms-p-sm ms-mb-block\">\n\n<p class=\"gb-headline gb-headline-1b3ae400 gb-headline-text\">Votre ticket vous permet de monter et descendre du bus autant de fois que vous le souhaitez pendant sa dur\u00e9e de validit\u00e9.<\/p>\n\n<\/div>\n\n\n<p>Vous voyez quelque chose d&rsquo;int\u00e9ressant que vous souhaitez explorer ? Descendez du bus et visitez. Quand vous \u00eates pr\u00eat, remontez dans le prochain bus ou changez m\u00eame d&rsquo;itin\u00e9raire.<\/p>\n\n\n\n<p>Les deux itin\u00e9raires essentiels couvrent tous les sites principaux, vous n&rsquo;avez donc pas \u00e0 vous inqui\u00e9ter des frais de transport suppl\u00e9mentaires ou \u00e0 devoir vous limiter aux sites proches de votre h\u00f4tel.<\/p>\n\n<\/div>\n<\/div>\n<\/div>","protected":false},"excerpt":{"rendered":"","protected":false},"author":1,"featured_media":0,"parent":0,"menu_order":2,"comment_status":"closed","ping_status":"closed","template":"","meta":{"_acf_changed":false,"footnotes":"","button_url":"https:\/\/www.tiqets.com\/fr\/barcelona-attractions-c66342\/tickets-for-hop-on-hop-off-bus-barcelona-p974325\/?partner=hoponhopoffbusbarcelona","ms_product_id":"974325","ms_product_name":"Barcelona Bus Tur\u00edstic: Hop-on Hop-off Bus Tour","ms_price":"30","ms_currency":"EUR","ms_rating_value":"4.3","ms_review_count":"11849","rank_math_title":"Bus Hop On Hop Off Barcelone - Tour officiel en bus %currentyear%","rank_math_description":"Profitez de Barcelone avec notre bus touristique \u00e0 toit ouvert : hop on hop off, montez et descendez quand vous voulez. Achetez votre billet \u00e0 l\u2019avance pour \u00e9viter les longues files d\u2019attente."},"post-style":[],"producer":[],"class_list":["post-6","page","type-page","status-publish","has-post-thumbnail"],"acf":[],"product_schema":{"ms_product_id":"974325","ms_product_name":"Barcelona Bus Tur\u00edstic: Hop-on Hop-off Bus Tour","ms_price":"30","ms_currency":"EUR","ms_rating_value":"4.3","ms_review_count":"11849"},"_links":{"self":[{"href":"https:\/\/www.hoponhopoffbarcelona.org\/fr\/wp-json\/wp\/v2\/pages\/6","targetHints":{"allow":["GET"]}}],"collection":[{"href":"https:\/\/www.hoponhopoffbarcelona.org\/fr\/wp-json\/wp\/v2\/pages"}],"about":[{"href":"https:\/\/www.hoponhopoffbarcelona.org\/fr\/wp-json\/wp\/v2\/types\/page"}],"author":[{"embeddable":true,"href":"https:\/\/www.hoponhopoffbarcelona.org\/fr\/wp-json\/wp\/v2\/users\/1"}],"replies":[{"embeddable":true,"href":"https:\/\/www.hoponhopoffbarcelona.org\/fr\/wp-json\/wp\/v2\/comments?post=6"}],"version-history":[{"count":3,"href":"https:\/\/www.hoponhopoffbarcelona.org\/fr\/wp-json\/wp\/v2\/pages\/6\/revisions"}],"predecessor-version":[{"id":853,"href":"https:\/\/www.hoponhopoffbarcelona.org\/fr\/wp-json\/wp\/v2\/pages\/6\/revisions\/853"}],"wp:attachment":[{"href":"https:\/\/www.hoponhopoffbarcelona.org\/fr\/wp-json\/wp\/v2\/media?parent=6"}],"wp:term":[{"taxonomy":"post-style","embeddable":true,"href":"https:\/\/www.hoponhopoffbarcelona.org\/fr\/wp-json\/wp\/v2\/post-style?post=6"},{"taxonomy":"producer","embeddable":true,"href":"https:\/\/www.hoponhopoffbarcelona.org\/fr\/wp-json\/wp\/v2\/producer?post=6"}],"curies":[{"name":"wp","href":"https:\/\/api.w.org\/{rel}","templated":true}]}}