{"id":591,"date":"2015-02-04T16:40:52","date_gmt":"2015-02-04T15:40:52","guid":{"rendered":"https:\/\/www.hoponhopoffbarcelona.org\/?page_id=11"},"modified":"2026-01-21T21:14:51","modified_gmt":"2026-01-21T20:14:51","slug":"prix","status":"publish","type":"page","link":"https:\/\/www.hoponhopoffbarcelona.org\/fr\/prix\/","title":{"rendered":"Tickets &amp; Prix"},"content":{"rendered":"\n<p>Le Bus Hop On Hop Off offre deux options de ticket diff\u00e9rentes, les deux vous permettent de monter et descendre du bus autant de fois que vous le souhaitez pendant les heures de service, qui sont de 9h \u00e0 18h.<\/p>\n\n\n\n<p>L&rsquo;option que vous choisirez d\u00e9pendra de la vitesse \u00e0 laquelle vous voulez faire le tour de Barcelone.<\/p>\n\n\n<div class=\"gb-container gb-container-7d45ff9c ms-alert--primary ms-p ms-rounded ms-mb-last-child-0 ms-mb-children-condensed ms-mb-block\">\n\n<p>Les tickets de deux jours offrent la meilleure rentabilit\u00e9 puisqu&rsquo;ils co\u00fbtent seulement 22,00\u20ac par jour (un ticket d&rsquo;un jour co\u00fbte 33,00\u20ac).<\/p>\n\n<\/div>\n\n\n<h3 class=\"wp-block-heading\">Liste des Prix<\/h3>\n\n\n<div class=\"ms-table\"><table><tr><th><\/th><th>24 Heures<\/th><th>48 Heures<\/th><\/tr><tr><td>Adultes (13-64 ans)<\/td><td>\u20ac33.00<\/td><td>\u20ac44.00 (\u20ac22.00 par jour)<\/td><\/tr><tr><td>Enfants (4-12)<\/td><td>\u20ac18.00<\/td><td>\u20ac23.00 (\u20ac11.50 par jour)<\/td><\/tr><tr><td>Seniors (plus de 65 ans)<\/td><td>\u20ac28.00<\/td><td>\u20ac39.00 (\u20ac19.50 par jour)<\/td><\/tr><tr><td>Handicap\u00e9 (personnes ayant un handicap sup\u00e9rieur \u00e0 33 %)<\/td><td>\u20ac28.00<\/td><td>\u20ac39.00 (\u20ac19.50 par jour)<\/td><\/tr><\/table><\/div>\n\n\n<p><strong>Remarque :<\/strong> les enfants de trois ans et moins voyagent gratuitement ! Les tarifs enfants s&rsquo;appliquent aux enfants \u00e2g\u00e9s de 4 \u00e0 12 ans.<\/p>\n\n\n\n<h3 class=\"wp-block-heading\">Choisir un ticket<\/h3>\n\n\n\n<p>Il est possible de faire les deux itin\u00e9raires du bus touristique le m\u00eame jour. Les Itin\u00e9raires Bleu et Rouge durent chacun deux heures. Vous pouvez changer de bus autant de fois que vous le voulez, sans devoir payer \u00e0 nouveau.<\/p>\n\n\n\n<p>Si vous \u00eates \u00e0 Barcelone seulement pour un jour et que vous voulez voir toute la ville et ce qu&rsquo;elle a \u00e0 offrir, un ticket d&rsquo;un jour pour le Bus Turistic est un excellent moyen de le faire. Bien s\u00fbr, afin de faire tous les arr\u00eats des itin\u00e9raires, vous ne pourrez pas passer beaucoup de temps \u00e0 chacun d&rsquo;eux.<\/p>\n\n\n\n<p>Si vous passez plus d&rsquo;un jour \u00e0 Barcelone, nous vous recommandons le ticket de deux jours. Pendant les deux jours cons\u00e9cutifs de votre ticket, vous pouvez monter et descendre du bus autant de fois que vous le souhaitez et passer autant de temps que vous le voulez \u00e0 chaque site. Vous pouvez commencer et vous arr\u00eater \u00e0 n&rsquo;importe quel arr\u00eat. Deux jours vous donnent un peu plus de temps pour vous impr\u00e9gner de tout ce que Barcelone a r\u00e9ellement \u00e0 offrir.<\/p>\n\n\n\n<p>L&rsquo;Itin\u00e9raire Bleu fait correspondance avec l&rsquo;Itin\u00e9raire Rouge au moins une fois, il est donc facile de changer d&rsquo;itin\u00e9raire apr\u00e8s avoir vu tout ce que vous vouliez sur le premier.<\/p>\n\n\n\n<p><\/p>\n","protected":false},"excerpt":{"rendered":"","protected":false},"author":1,"featured_media":0,"parent":0,"menu_order":4,"comment_status":"closed","ping_status":"closed","template":"","meta":{"_acf_changed":false,"footnotes":""},"post-style":[],"producer":[],"class_list":["post-591","page","type-page","status-publish"],"acf":[],"_links":{"self":[{"href":"https:\/\/www.hoponhopoffbarcelona.org\/fr\/wp-json\/wp\/v2\/pages\/591","targetHints":{"allow":["GET"]}}],"collection":[{"href":"https:\/\/www.hoponhopoffbarcelona.org\/fr\/wp-json\/wp\/v2\/pages"}],"about":[{"href":"https:\/\/www.hoponhopoffbarcelona.org\/fr\/wp-json\/wp\/v2\/types\/page"}],"author":[{"embeddable":true,"href":"https:\/\/www.hoponhopoffbarcelona.org\/fr\/wp-json\/wp\/v2\/users\/1"}],"replies":[{"embeddable":true,"href":"https:\/\/www.hoponhopoffbarcelona.org\/fr\/wp-json\/wp\/v2\/comments?post=591"}],"version-history":[{"count":3,"href":"https:\/\/www.hoponhopoffbarcelona.org\/fr\/wp-json\/wp\/v2\/pages\/591\/revisions"}],"predecessor-version":[{"id":941,"href":"https:\/\/www.hoponhopoffbarcelona.org\/fr\/wp-json\/wp\/v2\/pages\/591\/revisions\/941"}],"wp:attachment":[{"href":"https:\/\/www.hoponhopoffbarcelona.org\/fr\/wp-json\/wp\/v2\/media?parent=591"}],"wp:term":[{"taxonomy":"post-style","embeddable":true,"href":"https:\/\/www.hoponhopoffbarcelona.org\/fr\/wp-json\/wp\/v2\/post-style?post=591"},{"taxonomy":"producer","embeddable":true,"href":"https:\/\/www.hoponhopoffbarcelona.org\/fr\/wp-json\/wp\/v2\/producer?post=591"}],"curies":[{"name":"wp","href":"https:\/\/api.w.org\/{rel}","templated":true}]}}