{"id":12,"date":"2015-02-04T16:47:37","date_gmt":"2015-02-04T15:47:37","guid":{"rendered":"https:\/\/www.hoponhopoffbarcelona.org\/?page_id=12"},"modified":"2026-01-21T21:21:07","modified_gmt":"2026-01-21T20:21:07","slug":"foire-aux-questions","status":"publish","type":"page","link":"https:\/\/www.hoponhopoffbarcelona.org\/fr\/foire-aux-questions\/","title":{"rendered":"Foire Aux Questions"},"content":{"rendered":"<div id=\"rank-math-faq\" class=\"rank-math-block\">\n<div class=\"rank-math-list \">\n<div id=\"faq-question-1717062476605\" class=\"rank-math-list-item\">\n<h3 class=\"rank-math-question \"><strong>Qu&rsquo;est-ce que le Bus Hop On Hop Off ?<\/strong><\/h3>\n<div class=\"rank-math-answer \">\n\n<p>Le Bus Hop On Hop Off est un bus touristique de la ville qui vous permet de monter et descendre autant de fois que vous le souhaitez avec un ticket.<\/p>\n\n<\/div>\n<\/div>\n<div id=\"faq-question-1717062505033\" class=\"rank-math-list-item\">\n<h3 class=\"rank-math-question \"><strong>Pourquoi devrais-je utiliser le Bus Hop On Hop Off ?<\/strong><\/h3>\n<div class=\"rank-math-answer \">\n\n<p>La flexibilit\u00e9 est la r\u00e8gle du jeu lorsqu&rsquo;il s&rsquo;agit des tours en bus. Vous pouvez faire un itin\u00e9raire complet dans le m\u00eame bus, sans du tout descendre, ou vous pouvez descendre \u00e0 tous les arr\u00eats et passer des heures \u00e0 explorer Barcelone \u00e0 pied avant de remonter dans le bus pour visiter un autre endroit.<\/p>\n<p>Lorsqu&rsquo;il s&rsquo;agit de faire un tour \u00e0 votre propre rythme, il n&rsquo;y a pas meilleur moyen de parcourir la ville qu&rsquo;un service comme celui-ci. Vous d\u00e9cidez quels sites visiter, \u00e0 quels arr\u00eats vous voulez descendre, et m\u00eame quand vous commencez et terminez votre tour. Vous pouvez tout voir sur nos itin\u00e9raires ou juste voir le meilleur de ce qu&rsquo;offre Barcelone.<\/p>\n\n<\/div>\n<\/div>\n<div id=\"faq-question-1717062519392\" class=\"rank-math-list-item\">\n<h3 class=\"rank-math-question \"><strong>Quels autres avantages j&rsquo;obtiens avec mon ticket ?<\/strong><\/h3>\n<div class=\"rank-math-answer \">\n\n<p>Le bus touristique offre un certain nombre d&rsquo;avantages, y compris un audioguide en seize langues, plus 10 \u00e0 20 % de r\u00e9duction sur les visites et attractions les plus populaires de Barcelone, wifi gratuit dans le bus et application gratuite pour votre smartphone.<\/p>\n\n<\/div>\n<\/div>\n<div id=\"faq-question-1725509200966\" class=\"rank-math-list-item\">\n<h3 class=\"rank-math-question \"><strong>O\u00f9 vont les itin\u00e9raires du Bus Hop On Hop Off ?<\/strong><\/h3>\n<div class=\"rank-math-answer \">\n\n<p>Les deux itin\u00e9raires circulaires couvrent Barcelone d&rsquo;est en ouest et du nord au sud. Avec 38 arr\u00eats de bus et 3 points de correspondance pour changer d&rsquo;itin\u00e9raire, vous pourrez facilement atteindre tous les sites et attractions c\u00e9l\u00e8bres de Barcelone.<\/p>\n\n<\/div>\n<\/div>\n<div id=\"faq-question-1725509208920\" class=\"rank-math-list-item\">\n<h3 class=\"rank-math-question \"><strong>Combien de temps dois-je attendre le prochain bus ?<\/strong><\/h3>\n<div class=\"rank-math-answer \">\n\n<p>Selon la saison, un nouveau bus passe toutes les 10 \u00e0 25 minutes.<\/p>\n\n<\/div>\n<\/div>\n<div id=\"faq-question-1725509214553\" class=\"rank-math-list-item\">\n<h3 class=\"rank-math-question \"><strong>Est-ce que je peux utiliser le Bus Hop On Hop Off pendant le week-end ?<\/strong><\/h3>\n<div class=\"rank-math-answer \">\n\n<p>Oui, les bus fonctionnent tous les jours, de 9h \u00e0 18h. Ils ne sont pas op\u00e9rationnels uniquement les 25\/12 et 01\/01.<\/p>\n\n<\/div>\n<\/div>\n<div id=\"faq-question-1725509223527\" class=\"rank-math-list-item\">\n<h3 class=\"rank-math-question \"><strong>Est-ce que je peux utiliser le bus en fauteuil roulant ?<\/strong><\/h3>\n<div class=\"rank-math-answer \">\n\n<p>Oui, tous les bus Barcelona Bus Tur\u00edstic sont \u00e9quip\u00e9s d&rsquo;une rampe d&rsquo;acc\u00e8s et d&rsquo;un espace d\u00e9sign\u00e9 pour les fauteuils roulants \u00e0 l&rsquo;int\u00e9rieur du v\u00e9hicule.<\/p>\n\n<\/div>\n<\/div>\n<div id=\"faq-question-1725509229470\" class=\"rank-math-list-item\">\n<h3 class=\"rank-math-question \"><strong>O\u00f9 est-ce que je peux acheter un ticket de Bus Hop On Hop Off ?<\/strong><\/h3>\n<div class=\"rank-math-answer \">\n\n<p>Utilisez le <a href=\"https:\/\/www.tiqets.com\/barcelona-attractions-c66342\/tickets-for-hop-on-hop-off-bus-barcelona-p974325?partner=hoponhopoffbusbarcelona\" data-type=\"link\" data-id=\"https:\/\/www.tiqets.com\/barcelona-attractions-c66342\/tickets-for-hop-on-hop-off-bus-barcelona-p974325?partner=hoponhopoffbusbarcelona\" rel=\"nofollow noopener\">formulaire de r\u00e9servation ici<\/a> pour acheter votre billet.. Apr\u00e8s votre achat, vous recevrez un coupon par e-mail que vous pourrez \u00e9changer contre un ticket dans le bus.<\/p>\n\n<\/div>\n<\/div>\n<div id=\"faq-question-1725509240463\" class=\"rank-math-list-item\">\n<h3 class=\"rank-math-question \"><strong>Est-ce que je peux acheter un ticket avant d&rsquo;arriver \u00e0 Barcelone ?<\/strong><\/h3>\n<div class=\"rank-math-answer \">\n\n<p>Oui, les coupons sont valides pendant 180 jours calendaires.<\/p>\n\n<\/div>\n<\/div>\n<div id=\"faq-question-1725509246583\" class=\"rank-math-list-item\">\n<h3 class=\"rank-math-question \"><strong>Combien co\u00fbte un ticket ?<\/strong><\/h3>\n<div class=\"rank-math-answer \">\n\n<p><a href=\"https:\/\/www.hoponhopoffbarcelona.org\/fr\/prix\/\" data-type=\"link\" data-id=\"https:\/\/www.hoponhopoffbarcelona.org\/fr\/prix\/\">Consultez les derniers prix ici<\/a>. En g\u00e9n\u00e9ral, les tickets de 2 jours offrent la meilleure rentabilit\u00e9.<\/p>\n\n<\/div>\n<\/div>\n<div id=\"faq-question-1725509251783\" class=\"rank-math-list-item\">\n<h3 class=\"rank-math-question \"><strong>Les enfants re\u00e7oivent-ils une r\u00e9duction ?<\/strong><\/h3>\n<div class=\"rank-math-answer \">\n\n<p>Oui, les enfants \u00e2g\u00e9s de 4 \u00e0 12 ans peuvent utiliser un ticket pour enfant. Les enfants de moins de 4 ans voyagent gratuitement.<\/p>\n\n<\/div>\n<\/div>\n<\/div>\n<\/div>","protected":false},"excerpt":{"rendered":"","protected":false},"author":1,"featured_media":0,"parent":0,"menu_order":6,"comment_status":"closed","ping_status":"closed","template":"","meta":{"_acf_changed":false,"footnotes":""},"post-style":[],"producer":[],"class_list":["post-12","page","type-page","status-publish"],"acf":[],"_links":{"self":[{"href":"https:\/\/www.hoponhopoffbarcelona.org\/fr\/wp-json\/wp\/v2\/pages\/12","targetHints":{"allow":["GET"]}}],"collection":[{"href":"https:\/\/www.hoponhopoffbarcelona.org\/fr\/wp-json\/wp\/v2\/pages"}],"about":[{"href":"https:\/\/www.hoponhopoffbarcelona.org\/fr\/wp-json\/wp\/v2\/types\/page"}],"author":[{"embeddable":true,"href":"https:\/\/www.hoponhopoffbarcelona.org\/fr\/wp-json\/wp\/v2\/users\/1"}],"replies":[{"embeddable":true,"href":"https:\/\/www.hoponhopoffbarcelona.org\/fr\/wp-json\/wp\/v2\/comments?post=12"}],"version-history":[{"count":3,"href":"https:\/\/www.hoponhopoffbarcelona.org\/fr\/wp-json\/wp\/v2\/pages\/12\/revisions"}],"predecessor-version":[{"id":943,"href":"https:\/\/www.hoponhopoffbarcelona.org\/fr\/wp-json\/wp\/v2\/pages\/12\/revisions\/943"}],"wp:attachment":[{"href":"https:\/\/www.hoponhopoffbarcelona.org\/fr\/wp-json\/wp\/v2\/media?parent=12"}],"wp:term":[{"taxonomy":"post-style","embeddable":true,"href":"https:\/\/www.hoponhopoffbarcelona.org\/fr\/wp-json\/wp\/v2\/post-style?post=12"},{"taxonomy":"producer","embeddable":true,"href":"https:\/\/www.hoponhopoffbarcelona.org\/fr\/wp-json\/wp\/v2\/producer?post=12"}],"curies":[{"name":"wp","href":"https:\/\/api.w.org\/{rel}","templated":true}]}}