{"id":8,"date":"2015-02-04T16:25:04","date_gmt":"2015-02-04T15:25:04","guid":{"rendered":"https:\/\/www.hoponhopoffbarcelona.org\/?page_id=8"},"modified":"2026-01-21T20:38:23","modified_gmt":"2026-01-21T19:38:23","slug":"beneficios","status":"publish","type":"page","link":"https:\/\/www.hoponhopoffbarcelona.org\/es\/beneficios\/","title":{"rendered":"Beneficios"},"content":{"rendered":"\n<p>Tanto si quiere s\u00f3lo una forma c\u00f3moda de llegar a algunos de los lugares m\u00e1s emblem\u00e1ticos de Barcelona como si quiere ver todo lo que la ciudad tiene que ofrecer, el bus tur\u00edstico de Barcelona es la forma m\u00e1s f\u00e1cil y segura de moverse por la ciudad.<\/p>\n\n\n\n<h3 class=\"wp-block-heading\">La forma m\u00e1s inteligente de ver Barcelona<\/h3>\n\n\n\n<p>Otras compa\u00f1\u00edas tur\u00edsticas requieren que siga unos horarios establecidos. Tiene que subirse al autob\u00fas cuando ellos quieren y tiene que ir a donde ellos quieran llevarle, cuando ellos quieran ir all\u00ed. \u00bfY si quiere pasar m\u00e1s tiempo en la Sagrada Familia del que le permite el tour? Eso es exactamente lo que el autob\u00fas tur\u00edstico puede ofrecerle.<\/p>\n\n\n<div class=\"gb-container gb-container-40b0d6fd ms-alert--primary ms-p-sm ms-mb-block\">\n\n<p class=\"gb-headline gb-headline-59b0cb5a gb-headline-text alert alert-info\">Usted elige qu\u00e9 lugares visitar, cu\u00e1ndo verlos y cu\u00e1nto tiempo quedarse.<\/p>\n\n<\/div>\n\n\n<p>El sistema <em>hop-on<\/em>,<em> hop-off<\/em> le permite pagar un \u00fanico precio por uno o dos d\u00edas completos de recorrido, ya sea que realice las dos rutas completas o solo visite las primeras paradas de una ruta.<\/p>\n\n\n\n<p>El bus tur\u00edstico le ofrece control total sobre su tiempo, permiti\u00e9ndole experimentar Barcelona a su manera.<\/p>\n\n\n\n<p>Los buses de dos pisos descubiertos son f\u00e1cilmente reconocibles y operan desde las 9:00 hasta las 18:00. Seg\u00fan la temporada, un nuevo bus llega cada 10 a 25 minutos.<\/p>\n\n\n\n<p>Cada ruta dura aproximadamente dos horas. Lo mejor del Bus Tur\u00edstic es que puede dedicar tanto tiempo como desee en cada parada, sin tener que pagar una nueva tarifa al tomar el siguiente bus. No puede ser m\u00e1s sencillo.<\/p>\n\n\n\n<p>Y para una experiencia verdaderamente \u00fanica, los gu\u00edas tur\u00edsticos oficiales a bordo le ofrecen atenci\u00f3n personalizada. Este es el \u00fanico bus tur\u00edstico en Barcelona que ofrece este servicio, haciendo que su exploraci\u00f3n de la ciudad sea a\u00fan m\u00e1s agradable e informativa.<\/p>\n\n\n\n<h3 class=\"wp-block-heading\">Descuentos y otras ventajas<\/h3>\n\n\n\n<p>Al subir al autob\u00fas, tambi\u00e9n recibir\u00e1s un mapa de la ciudad y una gu\u00eda en varios idiomas, adem\u00e1s de un folleto con vales de descuento para las atracciones m\u00e1s populares de Barcelona. Para aprovechar la mayor\u00eda de los descuentos, solo tienes que mostrar tu billete del Barcelona Bus Tur\u00edstic en la taquilla de la atracci\u00f3n. Entre ellas se incluyen:<\/p>\n\n\n\n<ul class=\"wp-block-list\">\n<li>La atracci\u00f3n favorita de los ni\u00f1os: <strong>el Acuario de Barcelona<\/strong><\/li>\n\n\n\n<li>El centro comercial outlet de Barcelona: <strong>La Roca Village<\/strong><\/li>\n\n\n\n<li>Los museos de Barcelona: <strong>Museo Moco, Teatro-Museo Dal\u00ed, Poble Espanyol<\/strong><\/li>\n\n\n\n<li>Monumento a Col\u00f3n en Barcelona: <strong>Mirador de Colom<\/strong><\/li>\n\n\n\n<li>Visitas y excursiones por Barcelona: <strong>Visitas a pie por Barcelona, Costa Brava (Tossa de Mar, Montserrat f\u00e1cil, Montserrat premium)<\/strong><\/li>\n\n\n\n<li>Funicular: <strong>Telef\u00e8ric de Montju\u00efc<\/strong><\/li>\n<\/ul>\n\n\n\n<p>El bus hop-on hop-off tambi\u00e9n ofrece una <strong>audio gu\u00eda gratuita<\/strong> en diecis\u00e9is idiomas, con auriculares individuales, as\u00ed como facilidades para personas con movilidad reducida o dificultades auditivas.<\/p>\n\n\n\n<p>Los buses est\u00e1n equipados con WiFi gratuito, para que pueda actualizar sus redes sociales o revisar su correo electr\u00f3nico entre paradas.<\/p>\n","protected":false},"excerpt":{"rendered":"","protected":false},"author":1,"featured_media":0,"parent":0,"menu_order":3,"comment_status":"closed","ping_status":"closed","template":"","meta":{"_acf_changed":false,"footnotes":"","button_url":"https:\/\/www.tiqets.com\/es\/barcelona-attractions-c66342\/tickets-for-hop-on-hop-off-bus-barcelona-p974325\/?partner=hoponhopoffbusbarcelona","ms_product_id":"","ms_product_name":"","ms_price":"","ms_currency":"","ms_rating_value":"","ms_review_count":"","rank_math_title":"Beneficios del B\u00fas Turistico Barcelona - \u00bfMerece la pena?","rank_math_description":"Descubra todos los beneficios del Bus Tur\u00edstico Barcelona, incluyendo su sistema flexible de billetes y descuentos para las famosas atracciones de Barcelona."},"post-style":[],"producer":[],"class_list":["post-8","page","type-page","status-publish","has-post-thumbnail"],"acf":[],"product_schema":{"ms_product_id":"","ms_product_name":"","ms_price":"","ms_currency":"","ms_rating_value":"","ms_review_count":""},"_links":{"self":[{"href":"https:\/\/www.hoponhopoffbarcelona.org\/es\/wp-json\/wp\/v2\/pages\/8","targetHints":{"allow":["GET"]}}],"collection":[{"href":"https:\/\/www.hoponhopoffbarcelona.org\/es\/wp-json\/wp\/v2\/pages"}],"about":[{"href":"https:\/\/www.hoponhopoffbarcelona.org\/es\/wp-json\/wp\/v2\/types\/page"}],"author":[{"embeddable":true,"href":"https:\/\/www.hoponhopoffbarcelona.org\/es\/wp-json\/wp\/v2\/users\/1"}],"replies":[{"embeddable":true,"href":"https:\/\/www.hoponhopoffbarcelona.org\/es\/wp-json\/wp\/v2\/comments?post=8"}],"version-history":[{"count":3,"href":"https:\/\/www.hoponhopoffbarcelona.org\/es\/wp-json\/wp\/v2\/pages\/8\/revisions"}],"predecessor-version":[{"id":853,"href":"https:\/\/www.hoponhopoffbarcelona.org\/es\/wp-json\/wp\/v2\/pages\/8\/revisions\/853"}],"wp:attachment":[{"href":"https:\/\/www.hoponhopoffbarcelona.org\/es\/wp-json\/wp\/v2\/media?parent=8"}],"wp:term":[{"taxonomy":"post-style","embeddable":true,"href":"https:\/\/www.hoponhopoffbarcelona.org\/es\/wp-json\/wp\/v2\/post-style?post=8"},{"taxonomy":"producer","embeddable":true,"href":"https:\/\/www.hoponhopoffbarcelona.org\/es\/wp-json\/wp\/v2\/producer?post=8"}],"curies":[{"name":"wp","href":"https:\/\/api.w.org\/{rel}","templated":true}]}}