{"id":591,"date":"2015-02-04T16:40:52","date_gmt":"2015-02-04T15:40:52","guid":{"rendered":"https:\/\/www.hoponhopoffbarcelona.org\/?page_id=11"},"modified":"2026-01-21T20:50:59","modified_gmt":"2026-01-21T19:50:59","slug":"precios","status":"publish","type":"page","link":"https:\/\/www.hoponhopoffbarcelona.org\/es\/precios\/","title":{"rendered":"Billetes y Precios"},"content":{"rendered":"\n<p>El Bus Tur\u00edstico ofrece dos opciones de ticket diferentes, ambas le permiten subir y bajar del bus tantas veces como desee durante el horario de operaci\u00f3n, que es de 9:00 a 18:00.<\/p>\n\n\n\n<p>La opci\u00f3n que elija depender\u00e1 principalmente de cu\u00e1nto tiempo desee dedicar a explorar Barcelona.<\/p>\n\n\n<div class=\"gb-container gb-container-ff03894b ms-alert--primary ms-p-sm ms-mb-block\">\n\n<p class=\"gb-headline gb-headline-16f9eb24 gb-headline-text\">Los tickets de dos d\u00edas ofrecen el mejor valor, costando solo 22,00\u20ac por d\u00eda (el ticket de un d\u00eda cuesta 33,00\u20ac).<\/p>\n\n<\/div>\n\n\n<h3 class=\"wp-block-heading\">Tabla de Precios<\/h3>\n\n\n<div class=\"ms-table\"><table><tr><th><\/th><th>24 Horas<\/th><th>48 Horas<\/th><\/tr><tr><td>Adultos (13-64 a\u00f1os)<\/td><td>\u20ac33.00<\/td><td>\u20ac44.00 (\u20ac22.00 por d\u00eda)<\/td><\/tr><tr><td>Ni\u00f1os (4-12)<\/td><td>\u20ac18.00<\/td><td>\u20ac23.00 (\u20ac11.50 por d\u00eda)<\/td><\/tr><tr><td>Mayores (m\u00e1s de 65 a\u00f1os)<\/td><td>\u20ac28.00<\/td><td>\u20ac39.00 (\u20ac19.50 por d\u00eda)<\/td><\/tr><tr><td>Discapacitado (personas con m\u00e1s del 33 % de discapacidad)<\/td><td>\u20ac28.00<\/td><td>\u20ac39.00 (\u20ac19.50 por d\u00eda)<\/td><\/tr><\/table><\/div>\n\n\n<p><strong>Nota:<\/strong> \u00a1Los ni\u00f1os de tres a\u00f1os o menos viajan gratis! Las tarifas infantiles son para ni\u00f1os de 4 a 12 a\u00f1os.<\/p>\n\n\n\n<h3 class=\"wp-block-heading\">Elija su ticket<\/h3>\n\n\n\n<p>Es posible realizar las dos rutas del bus tur\u00edstico en el mismo d\u00eda. Las Rutas Azul y Roja duran aproximadamente dos horas cada una. Puede cambiar de bus tantas veces como desee, sin tener que pagar de nuevo.<\/p>\n\n\n\n<p>Si solo est\u00e1 en Barcelona un d\u00eda y desea ver toda la ciudad y todo lo que ofrece, un ticket de un d\u00eda en el Bus Tur\u00edstic es una excelente opci\u00f3n. Por supuesto, para poder visitar todas las paradas de las rutas, no podr\u00e1 dedicar mucho tiempo en cada una de ellas.<\/p>\n\n\n\n<p>Si dispone de m\u00e1s de un d\u00eda en Barcelona, recomendamos el ticket de dos d\u00edas. Durante los dos d\u00edas consecutivos de validez de su ticket, puede subir y bajar del bus tantas veces como desee, y dedicar todo el tiempo que quiera en cada lugar. Puede comenzar y detenerse en cualquier parada. Dos d\u00edas le proporcionan m\u00e1s tiempo para disfrutar de todo lo que Barcelona realmente ofrece.<\/p>\n\n\n\n<p>La Ruta Azul se cruza con la Ruta Roja al menos una vez, por lo que es f\u00e1cil cambiar de una ruta a otra una vez que haya visto todo lo que desea en la primera ruta.<\/p>\n","protected":false},"excerpt":{"rendered":"","protected":false},"author":1,"featured_media":0,"parent":0,"menu_order":4,"comment_status":"closed","ping_status":"closed","template":"","meta":{"_acf_changed":false,"footnotes":"","button_url":"https:\/\/www.tiqets.com\/es\/barcelona-attractions-c66342\/tickets-for-hop-on-hop-off-bus-barcelona-p974325\/?partner=hoponhopoffbusbarcelona","ms_product_id":"","ms_product_name":"","ms_price":"","ms_currency":"","ms_rating_value":"","ms_review_count":"","rank_math_title":"Billetes y Precios - Bus Tur\u00edstico Barcelona","rank_math_description":"Billetes y precios del Bus Tur\u00edstico Barcelona. Compre sus billetes online y reciba un 10% de descuento."},"post-style":[],"producer":[],"class_list":["post-591","page","type-page","status-publish","has-post-thumbnail"],"acf":[],"product_schema":{"ms_product_id":"","ms_product_name":"","ms_price":"","ms_currency":"","ms_rating_value":"","ms_review_count":""},"_links":{"self":[{"href":"https:\/\/www.hoponhopoffbarcelona.org\/es\/wp-json\/wp\/v2\/pages\/591","targetHints":{"allow":["GET"]}}],"collection":[{"href":"https:\/\/www.hoponhopoffbarcelona.org\/es\/wp-json\/wp\/v2\/pages"}],"about":[{"href":"https:\/\/www.hoponhopoffbarcelona.org\/es\/wp-json\/wp\/v2\/types\/page"}],"author":[{"embeddable":true,"href":"https:\/\/www.hoponhopoffbarcelona.org\/es\/wp-json\/wp\/v2\/users\/1"}],"replies":[{"embeddable":true,"href":"https:\/\/www.hoponhopoffbarcelona.org\/es\/wp-json\/wp\/v2\/comments?post=591"}],"version-history":[{"count":3,"href":"https:\/\/www.hoponhopoffbarcelona.org\/es\/wp-json\/wp\/v2\/pages\/591\/revisions"}],"predecessor-version":[{"id":862,"href":"https:\/\/www.hoponhopoffbarcelona.org\/es\/wp-json\/wp\/v2\/pages\/591\/revisions\/862"}],"wp:attachment":[{"href":"https:\/\/www.hoponhopoffbarcelona.org\/es\/wp-json\/wp\/v2\/media?parent=591"}],"wp:term":[{"taxonomy":"post-style","embeddable":true,"href":"https:\/\/www.hoponhopoffbarcelona.org\/es\/wp-json\/wp\/v2\/post-style?post=591"},{"taxonomy":"producer","embeddable":true,"href":"https:\/\/www.hoponhopoffbarcelona.org\/es\/wp-json\/wp\/v2\/producer?post=591"}],"curies":[{"name":"wp","href":"https:\/\/api.w.org\/{rel}","templated":true}]}}