{"id":12,"date":"2015-02-04T16:47:37","date_gmt":"2015-02-04T15:47:37","guid":{"rendered":"https:\/\/www.hoponhopoffbarcelona.org\/?page_id=12"},"modified":"2026-01-21T21:20:22","modified_gmt":"2026-01-21T20:20:22","slug":"preguntas-frecuentes","status":"publish","type":"page","link":"https:\/\/www.hoponhopoffbarcelona.org\/es\/preguntas-frecuentes\/","title":{"rendered":"Preguntas frecuentes"},"content":{"rendered":"<div id=\"rank-math-faq\" class=\"rank-math-block\">\n<div class=\"rank-math-list \">\n<div id=\"faq-question-1717062476605\" class=\"rank-math-list-item\">\n<h3 class=\"rank-math-question \"><strong>\u00bfQu\u00e9 es el Bus Hop On Hop Off?<\/strong><\/h3>\n<div class=\"rank-math-answer \">\n\n<p>El Bus Hop On Hop Off es un bus tur\u00edstico que le permite subir y bajar tantas veces como desee con un solo ticket.<\/p>\n\n<\/div>\n<\/div>\n<div id=\"faq-question-1717062505033\" class=\"rank-math-list-item\">\n<h3 class=\"rank-math-question \"><strong>\u00bfPor qu\u00e9 deber\u00eda usar el Bus Hop On Hop Off?<\/strong><\/h3>\n<div class=\"rank-math-answer \">\n\n<p>La flexibilidad es la clave en lo que se refiere al autob\u00fas La flexibilidad es la clave en lo que se refiere al bus tur\u00edstico. Puede hacer una ruta entera en el mismo bus sin bajarse, o puede bajarse en cualquier parada y pasar horas explorando Barcelona a pie antes de volver a subir para visitar otra parada.<\/p>\n<p>Cuando se trata de hacer el tour siguiendo sus propios planes, no hay mejor manera de recorrer la ciudad que con un servicio como \u00e9ste. Usted decide los lugares que quiere ver, las paradas en las que quiere bajar, e incluso d\u00f3nde empieza y termina su tour. Puede verlo todo en nuestras rutas o puede ver solo lo m\u00e1s destacado de lo que Barcelona tiene que ofrecer.<\/p>\n\n<\/div>\n<\/div>\n<div id=\"faq-question-1717062519392\" class=\"rank-math-list-item\">\n<h3 class=\"rank-math-question \"><strong>\u00bfQu\u00e9 otras ventajas obtengo con mi ticket?<\/strong><\/h3>\n<div class=\"rank-math-answer \">\n\n<p>El bus tur\u00edstico ofrece diversos beneficios, incluyendo audigu\u00edas en diecis\u00e9is idiomas, descuentos del 10-20 % en las visitas y atracciones m\u00e1s populares de Barcelona, wifi gratuito en el autob\u00fas y una aplicaci\u00f3n gratuita para tu smartphone.<\/p>\n\n<\/div>\n<\/div>\n<div id=\"faq-question-1725509200966\" class=\"rank-math-list-item\">\n<h3 class=\"rank-math-question \"><strong>\u00bfA d\u00f3nde va el Bus Hop On Hop Off?<\/strong><\/h3>\n<div class=\"rank-math-answer \">\n\n<p>Las dos rutas circulares cubren Barcelona de este a oeste y de norte a sur. Con 38 paradas de bus y 3 puntos de conexi\u00f3n para cambiar de ruta, podr\u00e1 llegar f\u00e1cilmente a todas las atracciones y lugares famosos de Barcelona.<\/p>\n\n<\/div>\n<\/div>\n<div id=\"faq-question-1725509208920\" class=\"rank-math-list-item\">\n<h3 class=\"rank-math-question \"><strong>\u00bfCu\u00e1nto tiempo tengo que esperar al siguiente bus?<\/strong><\/h3>\n<div class=\"rank-math-answer \">\n\n<p>Dependiendo de la temporada, un nuevo bus pasar\u00e1 entre 10 y 25 minutos.<\/p>\n\n<\/div>\n<\/div>\n<div id=\"faq-question-1725509214553\" class=\"rank-math-list-item\">\n<h3 class=\"rank-math-question \"><strong>\u00bfPuedo usar el Bus Hop On Hop Off durante el fin de semana?<\/strong><\/h3>\n<div class=\"rank-math-answer \">\n\n<p>S\u00ed, los buses operan todos los d\u00edas, de 9:00 a 18:00. Solo el 25\/12 y 1\/1 los buses no est\u00e1n operativos.<\/p>\n\n<\/div>\n<\/div>\n<div id=\"faq-question-1725509223527\" class=\"rank-math-list-item\">\n<h3 class=\"rank-math-question \"><strong>\u00bfPuedo usar el bus si voy en silla de ruedas?<\/strong><\/h3>\n<div class=\"rank-math-answer \">\n\n<p>S\u00ed, todos los buses del Barcelona Bus Tur\u00edstic disponen de rampa de acceso y un espacio designado para sillas de ruedas dentro del veh\u00edculo.<\/p>\n\n<\/div>\n<\/div>\n<div id=\"faq-question-1725509229470\" class=\"rank-math-list-item\">\n<h3 class=\"rank-math-question \"><strong>\u00bfD\u00f3nde puedo comprar un ticket para el Bus Hop On Hop Off?<\/strong><\/h3>\n<div class=\"rank-math-answer \">\n\n<p>Utiliza el <a href=\"https:\/\/www.tiqets.com\/checkout\/tickets-for-barcelona-bus-turistic-hop-on-hop-off-bus-tour-p974325\/booking_details\/?partner=hoponhopoffbusbarcelona\" data-type=\"link\" data-id=\"https:\/\/www.tiqets.com\/checkout\/tickets-for-barcelona-bus-turistic-hop-on-hop-off-bus-tour-p974325\/booking_details\/?partner=barcelonacard\" rel=\"nofollow noopener\">formulario de reserva aqu\u00ed<\/a> para comprar tu billete. Tras su compra recibir\u00e1 un voucher por email que podr\u00e1 canjear por un ticket en el bus.<\/p>\n\n<\/div>\n<\/div>\n<div id=\"faq-question-1725509240463\" class=\"rank-math-list-item\">\n<h3 class=\"rank-math-question \"><strong>\u00bfPuedo comprar un ticket antes de llegar a Barcelona?<\/strong><\/h3>\n<div class=\"rank-math-answer \">\n\n<p>S\u00ed, los vouchers son v\u00e1lidos durante 90 d\u00edas naturales.<\/p>\n\n<\/div>\n<\/div>\n<div id=\"faq-question-1725509246583\" class=\"rank-math-list-item\">\n<h3 class=\"rank-math-question \"><strong>\u00bfCu\u00e1nto cuesta un ticket?<\/strong><\/h3>\n<div class=\"rank-math-answer \">\n\n<p>Consulta los \u00faltimos precios <a href=\"https:\/\/www.hoponhopoffbarcelona.org\/es\/precios\/\" data-type=\"link\" data-id=\"https:\/\/www.hoponhopoffbarcelona.org\/es\/precios\/\">aqu\u00ed<\/a>. En general, los tickets de dos d\u00edas ofrecen la mejor relaci\u00f3n calidad-precio.<\/p>\n\n<\/div>\n<\/div>\n<div id=\"faq-question-1725509251783\" class=\"rank-math-list-item\">\n<h3 class=\"rank-math-question \"><strong>\u00bfLos ni\u00f1os tienen descuento?<\/strong><\/h3>\n<div class=\"rank-math-answer \">\n\n<p>S\u00ed, los ni\u00f1os entre 4 y 12 a\u00f1os pueden usar el ticket infantil. Los ni\u00f1os menores de 4 a\u00f1os viajan gratis.<\/p>\n\n<\/div>\n<\/div>\n<\/div>\n<\/div>","protected":false},"excerpt":{"rendered":"","protected":false},"author":1,"featured_media":0,"parent":0,"menu_order":6,"comment_status":"closed","ping_status":"closed","template":"","meta":{"_acf_changed":false,"footnotes":"","button_url":"https:\/\/www.tiqets.com\/es\/barcelona-attractions-c66342\/tickets-for-hop-on-hop-off-bus-barcelona-p974325\/?partner=hoponhopoffbusbarcelona","ms_product_id":"","ms_product_name":"","ms_price":"","ms_currency":"","ms_rating_value":"","ms_review_count":"","rank_math_title":"%title% %page% %sep% %sitename%","rank_math_description":" "},"post-style":[],"producer":[],"class_list":["post-12","page","type-page","status-publish","has-post-thumbnail"],"acf":[],"product_schema":{"ms_product_id":"","ms_product_name":"","ms_price":"","ms_currency":"","ms_rating_value":"","ms_review_count":""},"_links":{"self":[{"href":"https:\/\/www.hoponhopoffbarcelona.org\/es\/wp-json\/wp\/v2\/pages\/12","targetHints":{"allow":["GET"]}}],"collection":[{"href":"https:\/\/www.hoponhopoffbarcelona.org\/es\/wp-json\/wp\/v2\/pages"}],"about":[{"href":"https:\/\/www.hoponhopoffbarcelona.org\/es\/wp-json\/wp\/v2\/types\/page"}],"author":[{"embeddable":true,"href":"https:\/\/www.hoponhopoffbarcelona.org\/es\/wp-json\/wp\/v2\/users\/1"}],"replies":[{"embeddable":true,"href":"https:\/\/www.hoponhopoffbarcelona.org\/es\/wp-json\/wp\/v2\/comments?post=12"}],"version-history":[{"count":3,"href":"https:\/\/www.hoponhopoffbarcelona.org\/es\/wp-json\/wp\/v2\/pages\/12\/revisions"}],"predecessor-version":[{"id":947,"href":"https:\/\/www.hoponhopoffbarcelona.org\/es\/wp-json\/wp\/v2\/pages\/12\/revisions\/947"}],"wp:attachment":[{"href":"https:\/\/www.hoponhopoffbarcelona.org\/es\/wp-json\/wp\/v2\/media?parent=12"}],"wp:term":[{"taxonomy":"post-style","embeddable":true,"href":"https:\/\/www.hoponhopoffbarcelona.org\/es\/wp-json\/wp\/v2\/post-style?post=12"},{"taxonomy":"producer","embeddable":true,"href":"https:\/\/www.hoponhopoffbarcelona.org\/es\/wp-json\/wp\/v2\/producer?post=12"}],"curies":[{"name":"wp","href":"https:\/\/api.w.org\/{rel}","templated":true}]}}